{"id":82,"date":"2017-04-05T18:20:14","date_gmt":"2017-04-05T22:20:14","guid":{"rendered":"http:\/\/exterminationwestisland.com\/?page_id=82\/"},"modified":"2017-04-11T12:19:11","modified_gmt":"2017-04-11T16:19:11","slug":"puce","status":"publish","type":"page","link":"https:\/\/exterminationwestisland.com\/fr\/identification-des-parasites\/puce\/","title":{"rendered":"PUCE"},"content":{"rendered":"<div id=\"dslc-content\" class=\"dslc-content dslc-clearfix\"><div id=\"dslc-main\">\n\t\t<div  class=\"dslc-modules-section \" style=\"margin-bottom:41px;padding-bottom:0px;padding-top:0px;\" data-section-id=\"f7be7ba6f24\">\n\t\t\t\t\n\t\t\t\t\n\t\t\t\t<div class=\"dslc-modules-section-wrapper dslc-clearfix\"><div class=\"dslc-modules-area dslc-col dslc-3-col dslc-first-col dslc-valign- \" data-size=\"3\" data-valign=\"\">\n\t\t<div id=\"dslc-module-73c89d89ccd\" class=\"dslc-module-front dslc-module-DSLC_Text_Simple dslc-in-viewport-check dslc-in-viewport-anim-none  dslc-col dslc-12-col dslc-last-col  dslc-module-handle-like-regular \" data-module-id=\"73c89d89ccd\" data-module=\"DSLC_Text_Simple\" data-dslc-module-size=\"12\" data-dslc-anim=\"none\" data-dslc-anim-delay=\"0\" data-dslc-anim-duration=\"650\"  data-dslc-anim-easing=\"ease\" data-dslc-preset=\"none\" >\n\n\t\t\t\n\t\t\t\n\t\t\r\n\t\t<div class=\"dslc-text-module-content\">\r\n\t\t\t<br>\t\t<\/div>\r\n\r\n\t\t\n\t\t\t\t<\/div><!-- .dslc-module -->\n\t\t\n\t\t<div id=\"dslc-module-a3adcadfa62\" class=\"dslc-module-front dslc-module-DSLC_Image dslc-in-viewport-check dslc-in-viewport-anim-none  dslc-col dslc-12-col dslc-last-col  dslc-module-handle-like-regular \" data-module-id=\"a3adcadfa62\" data-module=\"DSLC_Image\" data-dslc-module-size=\"12\" data-dslc-anim=\"none\" data-dslc-anim-delay=\"0\" data-dslc-anim-duration=\"650\"  data-dslc-anim-easing=\"ease\" data-dslc-preset=\"none\" >\n\n\t\t\t\n\t\t\t\n\t\t\t\t<div class=\"dslc-image-container\">\r\n\t\t<div class=\"dslc-image\">\r\n\r\n\t\t\t\r\n\t\t\t\t\r\n\t\t\t\t\t\t\t\t\t<img src=\"https:\/\/exterminationwestisland.com\/wp-content\/uploads\/2017\/04\/fleas.jpg\" alt=\"\" title=\"\" srcset=\"https:\/\/exterminationwestisland.com\/wp-content\/uploads\/2017\/04\/fleas.jpg 273w, https:\/\/exterminationwestisland.com\/wp-content\/uploads\/2017\/04\/fleas-150x150.jpg 150w\" sizes=\"(max-width: 273px) 100vw, 273px\" \/>\r\n\t\t\t\t\r\n\t\t\t\t\t\t\t\t\t<\/div><!-- .dslc-image -->\r\n\t\t<\/div>\r\n\t\t\n\t\t\t\t<\/div><!-- .dslc-module -->\n\t\t<\/div><div class=\"dslc-modules-area dslc-col dslc-9-col dslc-last-col dslc-valign- \" data-size=\"9\" data-valign=\"\">\n\t\t<div id=\"dslc-module-22e32b3de90\" class=\"dslc-module-front dslc-module-DSLC_Text_Simple dslc-in-viewport-check dslc-in-viewport-anim-none  dslc-col dslc-12-col dslc-last-col  dslc-module-handle-like-regular \" data-module-id=\"22e32b3de90\" data-module=\"DSLC_Text_Simple\" data-dslc-module-size=\"12\" data-dslc-anim=\"none\" data-dslc-anim-delay=\"\" data-dslc-anim-duration=\"650\"  data-dslc-anim-easing=\"ease\" data-dslc-preset=\"none\" >\n\n\t\t\t\n\t\t\t\n\t\t\r\n\t\t<div class=\"dslc-text-module-content\">\r\n\t\t\t<h1><strong>Puce<\/strong><\/h1><div><div class=\"rt-block component-block\"><div id=\"rt-mainbody\"><div class=\"component-content rt-joomla\"><div class=\"rt-article\"><div class=\"item-page\">Propri\u00e9taires de chiens ou de chats faites attention!<br><br>La saison des puces approche et risque de vous occasionner quelques tracas si votre animal de compagnie se prom\u00e8ne \u00e0 l'ext\u00e9rieur de votre domicile \u00e0 partir de la mi-juillet et ce jusqu'\u00e0 la fin octobre.<br><br>D'ailleurs, d\u00e9j\u00e0 deux (2) cas d'infestations rapport\u00e9s en moins de 24 heures.<br><br>Dans chacun de ces cas, les propri\u00e9taires nous disent que leur animal domestique sort de la maison et demeure dans la p\u00e9riph\u00e9rie de l'habitation pour de longues p\u00e9riodes;<br><br>\u2022 un chien attach\u00e9 dans la cour<br>\u2022 un chat laiss\u00e9 libre <br><br>Il faut \u00eatre prudent puisque les puces cherchent un h\u00f4te et pourraient bien choisir votre animal comme source de nourriture...<br><br>Les puces sautent sur l'animal pour le mordre et sucer le sang.<br><br>Ce dernier devient alors porteur de ce parasite alimentant la reproduction et contribuant \u00e0 l'infestation de la maison.<br><br>En quelques jours, vous remarquerez ces petits insectes sautiller sur les planchers de la maison et s'activer \u00e0 votre passage. En effet, par vibration du plancher, les puces r\u00e9agissent et sautent sur leur proie.<br><br>Bien qu'elles ne se reproduisent pas de sang humain, elles vous occasionneront un d\u00e9sagr\u00e9ment puisqu'elles vous mordront et laisseront une l\u00e9g\u00e8re \u00e9ruption cutan\u00e9e de couleur rouge avec gonflement. Ces morssures piq\u00fbent beaucoup et vous importuneront jusqu'\u00e0 quelques semaines!<br><br>Puisque les puces sautent environs 20 cm de haut, les piq\u00fbres sont principalement perceptibles au niveau des tibias bien que possibles sur tout le corps si votre lit en est infest\u00e9.<\/div><\/div><\/div><\/div><\/div><\/div>\t\t<\/div>\r\n\r\n\t\t\n\t\t\t\t<\/div><!-- .dslc-module -->\n\t\t<\/div><\/div><\/div>\n\t\t<div  class=\"dslc-modules-section \" style=\"\" data-section-id=\"b48483863a2\">\n\t\t\t\t\n\t\t\t\t\n\t\t\t\t<div class=\"dslc-modules-section-wrapper dslc-clearfix\"><div class=\"dslc-modules-area dslc-col dslc-12-col dslc-last-col dslc-valign- \" data-size=\"12\" data-valign=\"\">\n\t\t<div id=\"dslc-module-a651442d8f4\" class=\"dslc-module-front dslc-module-DSLC_Text_Simple dslc-in-viewport-check dslc-in-viewport-anim-none  dslc-col dslc-12-col dslc-last-col  dslc-module-handle-like-regular \" data-module-id=\"a651442d8f4\" data-module=\"DSLC_Text_Simple\" data-dslc-module-size=\"12\" data-dslc-anim=\"none\" data-dslc-anim-delay=\"0\" data-dslc-anim-duration=\"650\"  data-dslc-anim-easing=\"ease\" data-dslc-preset=\"none\" >\n\n\t\t\t\n\t\t\t\n\t\t\r\n\t\t<div class=\"dslc-text-module-content\">\r\n\t\t\t<h1 style=\"text-align: center;\">SUCCURSALES<\/h1>\t\t<\/div>\r\n\r\n\t\t\n\t\t\t\t<\/div><!-- .dslc-module -->\n\t\t\n\t\t<div id=\"dslc-module-38f97b6c0e7\" class=\"dslc-module-front dslc-module-DSLC_Image dslc-in-viewport-check dslc-in-viewport-anim-none  dslc-col dslc-12-col dslc-last-col  dslc-module-handle-like-regular \" data-module-id=\"38f97b6c0e7\" data-module=\"DSLC_Image\" data-dslc-module-size=\"12\" data-dslc-anim=\"none\" data-dslc-anim-delay=\"0\" data-dslc-anim-duration=\"650\"  data-dslc-anim-easing=\"ease\" data-dslc-preset=\"none\" >\n\n\t\t\t\n\t\t\t\n\t\t\t\t<div class=\"dslc-image-container\">\r\n\t\t<div class=\"dslc-image\">\r\n\r\n\t\t\t\r\n\t\t\t\t\r\n\t\t\t\t\t\t\t\t\t<img src=\"https:\/\/exterminationwestisland.com\/wp-content\/uploads\/2017\/04\/banner_logos.jpg\" alt=\"\" title=\"\" srcset=\"https:\/\/exterminationwestisland.com\/wp-content\/uploads\/2017\/04\/banner_logos.jpg 1170w, https:\/\/exterminationwestisland.com\/wp-content\/uploads\/2017\/04\/banner_logos-680x93.jpg 680w, https:\/\/exterminationwestisland.com\/wp-content\/uploads\/2017\/04\/banner_logos-768x105.jpg 768w, https:\/\/exterminationwestisland.com\/wp-content\/uploads\/2017\/04\/banner_logos-1024x140.jpg 1024w, https:\/\/exterminationwestisland.com\/wp-content\/uploads\/2017\/04\/banner_logos-540x74.jpg 540w\" sizes=\"(max-width: 1170px) 100vw, 1170px\" \/>\r\n\t\t\t\t\r\n\t\t\t\t\t\t\t\t\t<\/div><!-- .dslc-image -->\r\n\t\t<\/div>\r\n\t\t\n\t\t\t\t<\/div><!-- .dslc-module -->\n\t\t<\/div><\/div><\/div><\/div><\/div>","protected":false},"excerpt":{"rendered":"<p>PucePropri\u00e9taires de chiens ou de chats faites attention!La saison des puces approche et risque de vous occasionner quelques tracas si votre animal de compagnie se prom\u00e8ne \u00e0 l&#8217;ext\u00e9rieur de votre&nbsp;[&hellip;]<\/p>\n","protected":false},"author":1,"featured_media":0,"parent":32,"menu_order":0,"comment_status":"closed","ping_status":"closed","template":"page-templates\/page_builder.php","meta":{"footnotes":""},"class_list":["post-82","page","type-page","status-publish","hentry","clearfix"],"yoast_head":"<!-- This site is optimized with the Yoast SEO plugin v26.8 - https:\/\/yoast.com\/product\/yoast-seo-wordpress\/ -->\n<title>PUCE - Extermination West Island<\/title>\n<meta name=\"robots\" content=\"index, follow, max-snippet:-1, max-image-preview:large, max-video-preview:-1\" \/>\n<link rel=\"canonical\" href=\"https:\/\/exterminationwestisland.com\/en\/identification-of-pests\/fleas\/\" \/>\n<meta property=\"og:locale\" content=\"fr_FR\" \/>\n<meta property=\"og:type\" content=\"article\" \/>\n<meta property=\"og:title\" content=\"PUCE - Extermination West Island\" \/>\n<meta property=\"og:description\" content=\"PucePropri\u00e9taires de chiens ou de chats faites attention!La saison des puces approche et risque de vous occasionner quelques tracas si votre animal de compagnie se prom\u00e8ne \u00e0 l&#039;ext\u00e9rieur de votre&nbsp;[&hellip;]\" \/>\n<meta property=\"og:url\" content=\"https:\/\/exterminationwestisland.com\/en\/identification-of-pests\/fleas\/\" \/>\n<meta property=\"og:site_name\" content=\"Extermination West Island\" \/>\n<meta property=\"article:publisher\" content=\"https:\/\/www.facebook.com\/Extermination-West-Island-185552422039307\/\" \/>\n<meta property=\"article:modified_time\" content=\"2017-04-11T16:19:11+00:00\" \/>\n<meta name=\"twitter:card\" content=\"summary_large_image\" \/>\n<meta name=\"twitter:label1\" content=\"Dur\u00e9e de lecture estim\u00e9e\" \/>\n\t<meta name=\"twitter:data1\" content=\"1 minute\" \/>\n<!-- \/ Yoast SEO plugin. -->","yoast_head_json":{"title":"PUCE - Extermination West Island","robots":{"index":"index","follow":"follow","max-snippet":"max-snippet:-1","max-image-preview":"max-image-preview:large","max-video-preview":"max-video-preview:-1"},"canonical":"https:\/\/exterminationwestisland.com\/en\/identification-of-pests\/fleas\/","og_locale":"fr_FR","og_type":"article","og_title":"PUCE - Extermination West Island","og_description":"PucePropri\u00e9taires de chiens ou de chats faites attention!La saison des puces approche et risque de vous occasionner quelques tracas si votre animal de compagnie se prom\u00e8ne \u00e0 l'ext\u00e9rieur de votre&nbsp;[&hellip;]","og_url":"https:\/\/exterminationwestisland.com\/en\/identification-of-pests\/fleas\/","og_site_name":"Extermination West Island","article_publisher":"https:\/\/www.facebook.com\/Extermination-West-Island-185552422039307\/","article_modified_time":"2017-04-11T16:19:11+00:00","twitter_card":"summary_large_image","twitter_misc":{"Dur\u00e9e de lecture estim\u00e9e":"1 minute"},"schema":{"@context":"https:\/\/schema.org","@graph":[{"@type":"WebPage","@id":"https:\/\/exterminationwestisland.com\/en\/identification-of-pests\/fleas\/","url":"https:\/\/exterminationwestisland.com\/en\/identification-of-pests\/fleas\/","name":"PUCE - Extermination West Island","isPartOf":{"@id":"https:\/\/exterminationwestisland.com\/en\/#website"},"primaryImageOfPage":{"@id":"https:\/\/exterminationwestisland.com\/en\/identification-of-pests\/fleas\/#primaryimage"},"image":{"@id":"https:\/\/exterminationwestisland.com\/en\/identification-of-pests\/fleas\/#primaryimage"},"thumbnailUrl":"https:\/\/exterminationwestisland.com\/wp-content\/uploads\/2017\/04\/fleas.jpg","datePublished":"2017-04-05T22:20:14+00:00","dateModified":"2017-04-11T16:19:11+00:00","breadcrumb":{"@id":"https:\/\/exterminationwestisland.com\/en\/identification-of-pests\/fleas\/#breadcrumb"},"inLanguage":"fr-FR","potentialAction":[{"@type":"ReadAction","target":["https:\/\/exterminationwestisland.com\/en\/identification-of-pests\/fleas\/"]}]},{"@type":"ImageObject","inLanguage":"fr-FR","@id":"https:\/\/exterminationwestisland.com\/en\/identification-of-pests\/fleas\/#primaryimage","url":"https:\/\/exterminationwestisland.com\/wp-content\/uploads\/2017\/04\/fleas.jpg","contentUrl":"https:\/\/exterminationwestisland.com\/wp-content\/uploads\/2017\/04\/fleas.jpg"},{"@type":"BreadcrumbList","@id":"https:\/\/exterminationwestisland.com\/en\/identification-of-pests\/fleas\/#breadcrumb","itemListElement":[{"@type":"ListItem","position":1,"name":"Home","item":"https:\/\/exterminationwestisland.com\/en\/"},{"@type":"ListItem","position":2,"name":"IDENTIFICATION PARASITES","item":"https:\/\/exterminationwestisland.com\/en\/identification-of-pests\/"},{"@type":"ListItem","position":3,"name":"PUCE"}]},{"@type":"WebSite","@id":"https:\/\/exterminationwestisland.com\/en\/#website","url":"https:\/\/exterminationwestisland.com\/en\/","name":"Extermination West Island","description":"Services d&#039;Extermination dans la grande r\u00e9gion de l&#039;Ouest de l&#039;\u00eele de Montreal. Probl\u00e8me de Fourmis Charpenti\u00e8re, Souris, et tout autres insectes et vermines","publisher":{"@id":"https:\/\/exterminationwestisland.com\/en\/#organization"},"potentialAction":[{"@type":"SearchAction","target":{"@type":"EntryPoint","urlTemplate":"https:\/\/exterminationwestisland.com\/en\/?s={search_term_string}"},"query-input":{"@type":"PropertyValueSpecification","valueRequired":true,"valueName":"search_term_string"}}],"inLanguage":"fr-FR"},{"@type":"Organization","@id":"https:\/\/exterminationwestisland.com\/en\/#organization","name":"Extermination West Island","url":"https:\/\/exterminationwestisland.com\/en\/","logo":{"@type":"ImageObject","inLanguage":"fr-FR","@id":"https:\/\/exterminationwestisland.com\/en\/#\/schema\/logo\/image\/","url":"https:\/\/exterminationwestisland.com\/wp-content\/uploads\/2017\/04\/extermination_west_island_logoB.jpg","contentUrl":"https:\/\/exterminationwestisland.com\/wp-content\/uploads\/2017\/04\/extermination_west_island_logoB.jpg","width":400,"height":150,"caption":"Extermination West Island"},"image":{"@id":"https:\/\/exterminationwestisland.com\/en\/#\/schema\/logo\/image\/"},"sameAs":["https:\/\/www.facebook.com\/Extermination-West-Island-185552422039307\/","https:\/\/business.facebook.com\/Extermination-West-Island-185552422039307\/?business_id=1010707382373498","https:\/\/www.linkedin.com\/company\/ircae\/"]}]}},"_links":{"self":[{"href":"https:\/\/exterminationwestisland.com\/fr\/wp-json\/wp\/v2\/pages\/82","targetHints":{"allow":["GET"]}}],"collection":[{"href":"https:\/\/exterminationwestisland.com\/fr\/wp-json\/wp\/v2\/pages"}],"about":[{"href":"https:\/\/exterminationwestisland.com\/fr\/wp-json\/wp\/v2\/types\/page"}],"author":[{"embeddable":true,"href":"https:\/\/exterminationwestisland.com\/fr\/wp-json\/wp\/v2\/users\/1"}],"replies":[{"embeddable":true,"href":"https:\/\/exterminationwestisland.com\/fr\/wp-json\/wp\/v2\/comments?post=82"}],"version-history":[{"count":1,"href":"https:\/\/exterminationwestisland.com\/fr\/wp-json\/wp\/v2\/pages\/82\/revisions"}],"predecessor-version":[{"id":83,"href":"https:\/\/exterminationwestisland.com\/fr\/wp-json\/wp\/v2\/pages\/82\/revisions\/83"}],"up":[{"embeddable":true,"href":"https:\/\/exterminationwestisland.com\/fr\/wp-json\/wp\/v2\/pages\/32"}],"wp:attachment":[{"href":"https:\/\/exterminationwestisland.com\/fr\/wp-json\/wp\/v2\/media?parent=82"}],"curies":[{"name":"wp","href":"https:\/\/api.w.org\/{rel}","templated":true}]}}