{"id":73,"date":"2017-04-05T18:18:54","date_gmt":"2017-04-05T22:18:54","guid":{"rendered":"http:\/\/exterminationwestisland.com\/?page_id=73\/"},"modified":"2017-04-11T12:21:02","modified_gmt":"2017-04-11T16:21:02","slug":"maringouin","status":"publish","type":"page","link":"https:\/\/exterminationwestisland.com\/fr\/identification-des-parasites\/maringouin\/","title":{"rendered":"MARINGOUIN"},"content":{"rendered":"<div id=\"dslc-content\" class=\"dslc-content dslc-clearfix\"><div id=\"dslc-main\">\n\t\t<div  class=\"dslc-modules-section \" style=\"margin-bottom:41px;padding-bottom:0px;padding-top:0px;\" data-section-id=\"c8161b930da\">\n\t\t\t\t\n\t\t\t\t\n\t\t\t\t<div class=\"dslc-modules-section-wrapper dslc-clearfix\"><div class=\"dslc-modules-area dslc-col dslc-3-col dslc-first-col dslc-valign- \" data-size=\"3\" data-valign=\"\">\n\t\t<div id=\"dslc-module-3bac95c547f\" class=\"dslc-module-front dslc-module-DSLC_Text_Simple dslc-in-viewport-check dslc-in-viewport-anim-none  dslc-col dslc-12-col dslc-last-col  dslc-module-handle-like-regular \" data-module-id=\"3bac95c547f\" data-module=\"DSLC_Text_Simple\" data-dslc-module-size=\"12\" data-dslc-anim=\"none\" data-dslc-anim-delay=\"0\" data-dslc-anim-duration=\"650\"  data-dslc-anim-easing=\"ease\" data-dslc-preset=\"none\" >\n\n\t\t\t\n\t\t\t\n\t\t\r\n\t\t<div class=\"dslc-text-module-content\">\r\n\t\t\t<br>\t\t<\/div>\r\n\r\n\t\t\n\t\t\t\t<\/div><!-- .dslc-module -->\n\t\t\n\t\t<div id=\"dslc-module-85c78cb6aee\" class=\"dslc-module-front dslc-module-DSLC_Image dslc-in-viewport-check dslc-in-viewport-anim-none  dslc-col dslc-12-col dslc-last-col  dslc-module-handle-like-regular \" data-module-id=\"85c78cb6aee\" data-module=\"DSLC_Image\" data-dslc-module-size=\"12\" data-dslc-anim=\"none\" data-dslc-anim-delay=\"0\" data-dslc-anim-duration=\"650\"  data-dslc-anim-easing=\"ease\" data-dslc-preset=\"none\" >\n\n\t\t\t\n\t\t\t\n\t\t\t\t<div class=\"dslc-image-container\">\r\n\t\t<div class=\"dslc-image\">\r\n\r\n\t\t\t\r\n\t\t\t\t\r\n\t\t\t\t\t\t\t\t\t<img src=\"https:\/\/exterminationwestisland.com\/wp-content\/uploads\/2017\/04\/mosquitoes.jpg\" alt=\"\" title=\"\" srcset=\"https:\/\/exterminationwestisland.com\/wp-content\/uploads\/2017\/04\/mosquitoes.jpg 273w, https:\/\/exterminationwestisland.com\/wp-content\/uploads\/2017\/04\/mosquitoes-150x150.jpg 150w\" sizes=\"(max-width: 273px) 100vw, 273px\" \/>\r\n\t\t\t\t\r\n\t\t\t\t\t\t\t\t\t<\/div><!-- .dslc-image -->\r\n\t\t<\/div>\r\n\t\t\n\t\t\t\t<\/div><!-- .dslc-module -->\n\t\t<\/div><div class=\"dslc-modules-area dslc-col dslc-9-col dslc-last-col dslc-valign- \" data-size=\"9\" data-valign=\"\">\n\t\t<div id=\"dslc-module-ce967cca0cd\" class=\"dslc-module-front dslc-module-DSLC_Text_Simple dslc-in-viewport-check dslc-in-viewport-anim-none  dslc-col dslc-12-col dslc-last-col  dslc-module-handle-like-regular \" data-module-id=\"ce967cca0cd\" data-module=\"DSLC_Text_Simple\" data-dslc-module-size=\"12\" data-dslc-anim=\"none\" data-dslc-anim-delay=\"\" data-dslc-anim-duration=\"650\"  data-dslc-anim-easing=\"ease\" data-dslc-preset=\"none\" >\n\n\t\t\t\n\t\t\t\n\t\t\r\n\t\t<div class=\"dslc-text-module-content\">\r\n\t\t\t<h1>Maringouins<\/h1><div><p>Rien de plus d\u00e9plaisant qu'une soir\u00e9e entre amis sur la terrasse et \u00eatre envahi de maringouins!<\/p><p><strong>Que diriez-vous d'un traitement naturel (sans insecticide) pour enfin profiter de\u00a0la cour et cesser de vous faire harceler par ces ind\u00e9sirables piqueurs?<\/strong><\/p><p>Il s'agit d'une vaporisation compl\u00e8te de la cour, ex\u00e9cut\u00e9e par nos experts de l'IRCAE,\u00a0sans aucun danger pour la sant\u00e9 humaine, animale et v\u00e9g\u00e9tale. Le produit ne tache pas et peut \u00eatre vaporis\u00e9 sur toutes surfaces. Il n'y a aucune restriction \u00e0 la suite du traitement.<\/p><p>Les r\u00e9sultats sont spectaculaires et vous feront profiter pleinement de l'\u00e9t\u00e9!<\/p><p>Une l\u00e9g\u00e8re senteur est persceptible pour environ une (1) heure et l'effet du traitement dure approximativement trois (3) semaines \u00e0 un (1) mois. Au besoin, il est recommand\u00e9 de r\u00e9p\u00e9ter le traitement \u00e0 l'\u00e9ch\u00e9ance.<\/p><\/div>\t\t<\/div>\r\n\r\n\t\t\n\t\t\t\t<\/div><!-- .dslc-module -->\n\t\t<\/div><\/div><\/div>\n\t\t<div  class=\"dslc-modules-section \" style=\"margin-bottom:41px;padding-bottom:0px;padding-top:0px;\" data-section-id=\"b48483863a2\">\n\t\t\t\t\n\t\t\t\t\n\t\t\t\t<div class=\"dslc-modules-section-wrapper dslc-clearfix\"><div class=\"dslc-modules-area dslc-col dslc-12-col dslc-last-col dslc-valign- \" data-size=\"12\" data-valign=\"\">\n\t\t<div id=\"dslc-module-045a8658d1d\" class=\"dslc-module-front dslc-module-DSLC_Text_Simple dslc-in-viewport-check dslc-in-viewport-anim-none  dslc-col dslc-12-col dslc-last-col  dslc-module-handle-like-regular \" data-module-id=\"045a8658d1d\" data-module=\"DSLC_Text_Simple\" data-dslc-module-size=\"12\" data-dslc-anim=\"none\" data-dslc-anim-delay=\"0\" data-dslc-anim-duration=\"650\"  data-dslc-anim-easing=\"ease\" data-dslc-preset=\"none\" >\n\n\t\t\t\n\t\t\t\n\t\t\r\n\t\t<div class=\"dslc-text-module-content\">\r\n\t\t\t<h1 style=\"text-align: center;\">SUCCURSALES<\/h1>\t\t<\/div>\r\n\r\n\t\t\n\t\t\t\t<\/div><!-- .dslc-module -->\n\t\t\n\t\t<div id=\"dslc-module-7e56d09ff5d\" class=\"dslc-module-front dslc-module-DSLC_Image dslc-in-viewport-check dslc-in-viewport-anim-none  dslc-col dslc-12-col dslc-last-col  dslc-module-handle-like-regular \" data-module-id=\"7e56d09ff5d\" data-module=\"DSLC_Image\" data-dslc-module-size=\"12\" data-dslc-anim=\"none\" data-dslc-anim-delay=\"0\" data-dslc-anim-duration=\"650\"  data-dslc-anim-easing=\"ease\" data-dslc-preset=\"none\" >\n\n\t\t\t\n\t\t\t\n\t\t\t\t<div class=\"dslc-image-container\">\r\n\t\t<div class=\"dslc-image\">\r\n\r\n\t\t\t\r\n\t\t\t\t\r\n\t\t\t\t\t\t\t\t\t<img src=\"https:\/\/exterminationwestisland.com\/wp-content\/uploads\/2017\/04\/banner_logos.jpg\" alt=\"\" title=\"\" srcset=\"https:\/\/exterminationwestisland.com\/wp-content\/uploads\/2017\/04\/banner_logos.jpg 1170w, https:\/\/exterminationwestisland.com\/wp-content\/uploads\/2017\/04\/banner_logos-680x93.jpg 680w, https:\/\/exterminationwestisland.com\/wp-content\/uploads\/2017\/04\/banner_logos-768x105.jpg 768w, https:\/\/exterminationwestisland.com\/wp-content\/uploads\/2017\/04\/banner_logos-1024x140.jpg 1024w, https:\/\/exterminationwestisland.com\/wp-content\/uploads\/2017\/04\/banner_logos-540x74.jpg 540w\" sizes=\"(max-width: 1170px) 100vw, 1170px\" \/>\r\n\t\t\t\t\r\n\t\t\t\t\t\t\t\t\t<\/div><!-- .dslc-image -->\r\n\t\t<\/div>\r\n\t\t\n\t\t\t\t<\/div><!-- .dslc-module -->\n\t\t<\/div><\/div><\/div><\/div><\/div>","protected":false},"excerpt":{"rendered":"<p>MaringouinsRien de plus d\u00e9plaisant qu&#8217;une soir\u00e9e entre amis sur la terrasse et \u00eatre envahi de maringouins!Que diriez-vous d&#8217;un traitement naturel (sans insecticide) pour enfin profiter de\u00a0la cour et cesser de&nbsp;[&hellip;]<\/p>\n","protected":false},"author":1,"featured_media":0,"parent":32,"menu_order":0,"comment_status":"closed","ping_status":"closed","template":"page-templates\/page_builder.php","meta":{"footnotes":""},"class_list":["post-73","page","type-page","status-publish","hentry","clearfix"],"yoast_head":"<!-- This site is optimized with the Yoast SEO plugin v26.8 - https:\/\/yoast.com\/product\/yoast-seo-wordpress\/ -->\n<title>MARINGOUIN - Extermination West Island<\/title>\n<meta name=\"robots\" content=\"index, follow, max-snippet:-1, max-image-preview:large, max-video-preview:-1\" \/>\n<link rel=\"canonical\" href=\"https:\/\/exterminationwestisland.com\/en\/identification-of-pests\/mosquitoes\/\" \/>\n<meta property=\"og:locale\" content=\"fr_FR\" \/>\n<meta property=\"og:type\" content=\"article\" \/>\n<meta property=\"og:title\" content=\"MARINGOUIN - Extermination West Island\" \/>\n<meta property=\"og:description\" content=\"MaringouinsRien de plus d\u00e9plaisant qu&#039;une soir\u00e9e entre amis sur la terrasse et \u00eatre envahi de maringouins!Que diriez-vous d&#039;un traitement naturel (sans insecticide) pour enfin profiter de\u00a0la cour et cesser de&nbsp;[&hellip;]\" \/>\n<meta property=\"og:url\" content=\"https:\/\/exterminationwestisland.com\/en\/identification-of-pests\/mosquitoes\/\" \/>\n<meta property=\"og:site_name\" content=\"Extermination West Island\" \/>\n<meta property=\"article:publisher\" content=\"https:\/\/www.facebook.com\/Extermination-West-Island-185552422039307\/\" \/>\n<meta property=\"article:modified_time\" content=\"2017-04-11T16:21:02+00:00\" \/>\n<meta name=\"twitter:card\" content=\"summary_large_image\" \/>\n<meta name=\"twitter:label1\" content=\"Dur\u00e9e de lecture estim\u00e9e\" \/>\n\t<meta name=\"twitter:data1\" content=\"1 minute\" \/>\n<!-- \/ Yoast SEO plugin. -->","yoast_head_json":{"title":"MARINGOUIN - Extermination West Island","robots":{"index":"index","follow":"follow","max-snippet":"max-snippet:-1","max-image-preview":"max-image-preview:large","max-video-preview":"max-video-preview:-1"},"canonical":"https:\/\/exterminationwestisland.com\/en\/identification-of-pests\/mosquitoes\/","og_locale":"fr_FR","og_type":"article","og_title":"MARINGOUIN - Extermination West Island","og_description":"MaringouinsRien de plus d\u00e9plaisant qu'une soir\u00e9e entre amis sur la terrasse et \u00eatre envahi de maringouins!Que diriez-vous d'un traitement naturel (sans insecticide) pour enfin profiter de\u00a0la cour et cesser de&nbsp;[&hellip;]","og_url":"https:\/\/exterminationwestisland.com\/en\/identification-of-pests\/mosquitoes\/","og_site_name":"Extermination West Island","article_publisher":"https:\/\/www.facebook.com\/Extermination-West-Island-185552422039307\/","article_modified_time":"2017-04-11T16:21:02+00:00","twitter_card":"summary_large_image","twitter_misc":{"Dur\u00e9e de lecture estim\u00e9e":"1 minute"},"schema":{"@context":"https:\/\/schema.org","@graph":[{"@type":"WebPage","@id":"https:\/\/exterminationwestisland.com\/en\/identification-of-pests\/mosquitoes\/","url":"https:\/\/exterminationwestisland.com\/en\/identification-of-pests\/mosquitoes\/","name":"MARINGOUIN - Extermination West Island","isPartOf":{"@id":"https:\/\/exterminationwestisland.com\/en\/#website"},"primaryImageOfPage":{"@id":"https:\/\/exterminationwestisland.com\/en\/identification-of-pests\/mosquitoes\/#primaryimage"},"image":{"@id":"https:\/\/exterminationwestisland.com\/en\/identification-of-pests\/mosquitoes\/#primaryimage"},"thumbnailUrl":"https:\/\/exterminationwestisland.com\/wp-content\/uploads\/2017\/04\/mosquitoes.jpg","datePublished":"2017-04-05T22:18:54+00:00","dateModified":"2017-04-11T16:21:02+00:00","breadcrumb":{"@id":"https:\/\/exterminationwestisland.com\/en\/identification-of-pests\/mosquitoes\/#breadcrumb"},"inLanguage":"fr-FR","potentialAction":[{"@type":"ReadAction","target":["https:\/\/exterminationwestisland.com\/en\/identification-of-pests\/mosquitoes\/"]}]},{"@type":"ImageObject","inLanguage":"fr-FR","@id":"https:\/\/exterminationwestisland.com\/en\/identification-of-pests\/mosquitoes\/#primaryimage","url":"https:\/\/exterminationwestisland.com\/wp-content\/uploads\/2017\/04\/mosquitoes.jpg","contentUrl":"https:\/\/exterminationwestisland.com\/wp-content\/uploads\/2017\/04\/mosquitoes.jpg"},{"@type":"BreadcrumbList","@id":"https:\/\/exterminationwestisland.com\/en\/identification-of-pests\/mosquitoes\/#breadcrumb","itemListElement":[{"@type":"ListItem","position":1,"name":"Home","item":"https:\/\/exterminationwestisland.com\/en\/"},{"@type":"ListItem","position":2,"name":"IDENTIFICATION PARASITES","item":"https:\/\/exterminationwestisland.com\/en\/identification-of-pests\/"},{"@type":"ListItem","position":3,"name":"MARINGOUIN"}]},{"@type":"WebSite","@id":"https:\/\/exterminationwestisland.com\/en\/#website","url":"https:\/\/exterminationwestisland.com\/en\/","name":"Extermination West Island","description":"Services d&#039;Extermination dans la grande r\u00e9gion de l&#039;Ouest de l&#039;\u00eele de Montreal. Probl\u00e8me de Fourmis Charpenti\u00e8re, Souris, et tout autres insectes et vermines","publisher":{"@id":"https:\/\/exterminationwestisland.com\/en\/#organization"},"potentialAction":[{"@type":"SearchAction","target":{"@type":"EntryPoint","urlTemplate":"https:\/\/exterminationwestisland.com\/en\/?s={search_term_string}"},"query-input":{"@type":"PropertyValueSpecification","valueRequired":true,"valueName":"search_term_string"}}],"inLanguage":"fr-FR"},{"@type":"Organization","@id":"https:\/\/exterminationwestisland.com\/en\/#organization","name":"Extermination West Island","url":"https:\/\/exterminationwestisland.com\/en\/","logo":{"@type":"ImageObject","inLanguage":"fr-FR","@id":"https:\/\/exterminationwestisland.com\/en\/#\/schema\/logo\/image\/","url":"https:\/\/exterminationwestisland.com\/wp-content\/uploads\/2017\/04\/extermination_west_island_logoB.jpg","contentUrl":"https:\/\/exterminationwestisland.com\/wp-content\/uploads\/2017\/04\/extermination_west_island_logoB.jpg","width":400,"height":150,"caption":"Extermination West Island"},"image":{"@id":"https:\/\/exterminationwestisland.com\/en\/#\/schema\/logo\/image\/"},"sameAs":["https:\/\/www.facebook.com\/Extermination-West-Island-185552422039307\/","https:\/\/business.facebook.com\/Extermination-West-Island-185552422039307\/?business_id=1010707382373498","https:\/\/www.linkedin.com\/company\/ircae\/"]}]}},"_links":{"self":[{"href":"https:\/\/exterminationwestisland.com\/fr\/wp-json\/wp\/v2\/pages\/73","targetHints":{"allow":["GET"]}}],"collection":[{"href":"https:\/\/exterminationwestisland.com\/fr\/wp-json\/wp\/v2\/pages"}],"about":[{"href":"https:\/\/exterminationwestisland.com\/fr\/wp-json\/wp\/v2\/types\/page"}],"author":[{"embeddable":true,"href":"https:\/\/exterminationwestisland.com\/fr\/wp-json\/wp\/v2\/users\/1"}],"replies":[{"embeddable":true,"href":"https:\/\/exterminationwestisland.com\/fr\/wp-json\/wp\/v2\/comments?post=73"}],"version-history":[{"count":1,"href":"https:\/\/exterminationwestisland.com\/fr\/wp-json\/wp\/v2\/pages\/73\/revisions"}],"predecessor-version":[{"id":74,"href":"https:\/\/exterminationwestisland.com\/fr\/wp-json\/wp\/v2\/pages\/73\/revisions\/74"}],"up":[{"embeddable":true,"href":"https:\/\/exterminationwestisland.com\/fr\/wp-json\/wp\/v2\/pages\/32"}],"wp:attachment":[{"href":"https:\/\/exterminationwestisland.com\/fr\/wp-json\/wp\/v2\/media?parent=73"}],"curies":[{"name":"wp","href":"https:\/\/api.w.org\/{rel}","templated":true}]}}