{"id":67,"date":"2017-04-05T18:17:41","date_gmt":"2017-04-05T22:17:41","guid":{"rendered":"http:\/\/exterminationwestisland.com\/?page_id=67\/"},"modified":"2017-04-11T12:19:36","modified_gmt":"2017-04-11T16:19:36","slug":"guepe","status":"publish","type":"page","link":"https:\/\/exterminationwestisland.com\/fr\/identification-des-parasites\/guepe\/","title":{"rendered":"GU\u00caPE"},"content":{"rendered":"<div id=\"dslc-content\" class=\"dslc-content dslc-clearfix\"><div id=\"dslc-main\">\n\t\t<div  class=\"dslc-modules-section \" style=\"margin-bottom:41px;padding-bottom:0px;padding-top:0px;\" data-section-id=\"2bf70dbffa8\">\n\t\t\t\t\n\t\t\t\t\n\t\t\t\t<div class=\"dslc-modules-section-wrapper dslc-clearfix\"><div class=\"dslc-modules-area dslc-col dslc-3-col dslc-first-col dslc-valign- \" data-size=\"3\" data-valign=\"\">\n\t\t<div id=\"dslc-module-669f97d62f5\" class=\"dslc-module-front dslc-module-DSLC_Text_Simple dslc-in-viewport-check dslc-in-viewport-anim-none  dslc-col dslc-12-col dslc-last-col  dslc-module-handle-like-regular \" data-module-id=\"669f97d62f5\" data-module=\"DSLC_Text_Simple\" data-dslc-module-size=\"12\" data-dslc-anim=\"none\" data-dslc-anim-delay=\"0\" data-dslc-anim-duration=\"650\"  data-dslc-anim-easing=\"ease\" data-dslc-preset=\"none\" >\n\n\t\t\t\n\t\t\t\n\t\t\r\n\t\t<div class=\"dslc-text-module-content\">\r\n\t\t\t<br>\t\t<\/div>\r\n\r\n\t\t\n\t\t\t\t<\/div><!-- .dslc-module -->\n\t\t\n\t\t<div id=\"dslc-module-ecba21d655c\" class=\"dslc-module-front dslc-module-DSLC_Image dslc-in-viewport-check dslc-in-viewport-anim-none  dslc-col dslc-12-col dslc-last-col  dslc-module-handle-like-regular \" data-module-id=\"ecba21d655c\" data-module=\"DSLC_Image\" data-dslc-module-size=\"12\" data-dslc-anim=\"none\" data-dslc-anim-delay=\"0\" data-dslc-anim-duration=\"650\"  data-dslc-anim-easing=\"ease\" data-dslc-preset=\"none\" >\n\n\t\t\t\n\t\t\t\n\t\t\t\t<div class=\"dslc-image-container\">\r\n\t\t<div class=\"dslc-image\">\r\n\r\n\t\t\t\r\n\t\t\t\t\r\n\t\t\t\t\t\t\t\t\t<img src=\"https:\/\/exterminationwestisland.com\/wp-content\/uploads\/2017\/04\/wasps_yellow_jackets.jpg\" alt=\"\" title=\"\" srcset=\"https:\/\/exterminationwestisland.com\/wp-content\/uploads\/2017\/04\/wasps_yellow_jackets.jpg 273w, https:\/\/exterminationwestisland.com\/wp-content\/uploads\/2017\/04\/wasps_yellow_jackets-150x150.jpg 150w\" sizes=\"(max-width: 273px) 100vw, 273px\" \/>\r\n\t\t\t\t\r\n\t\t\t\t\t\t\t\t\t<\/div><!-- .dslc-image -->\r\n\t\t<\/div>\r\n\t\t\n\t\t\t\t<\/div><!-- .dslc-module -->\n\t\t<\/div><div class=\"dslc-modules-area dslc-col dslc-9-col dslc-last-col dslc-valign- \" data-size=\"9\" data-valign=\"\">\n\t\t<div id=\"dslc-module-baeb813aae3\" class=\"dslc-module-front dslc-module-DSLC_Text_Simple dslc-in-viewport-check dslc-in-viewport-anim-none  dslc-col dslc-12-col dslc-last-col  dslc-module-handle-like-regular \" data-module-id=\"baeb813aae3\" data-module=\"DSLC_Text_Simple\" data-dslc-module-size=\"12\" data-dslc-anim=\"none\" data-dslc-anim-delay=\"\" data-dslc-anim-duration=\"650\"  data-dslc-anim-easing=\"ease\" data-dslc-preset=\"none\" >\n\n\t\t\t\n\t\t\t\n\t\t\r\n\t\t<div class=\"dslc-text-module-content\">\r\n\t\t\t<h1>Gu\u00eapes<\/h1><div><p>Faites attention et ne vous approchez pas du nid car vous pourriez\u00a0devenir une cible et vous faire piquer!<\/p><p>Ce fut le cas d'un Client aujourd'hui qui, en voulant nous montrer l'endroit ou se trouvait le nid, s'est approch\u00e9 \u00e0 moins de 2 pieds du nid et s'est fait piquer sur le bras!<\/p><p>Heureusement, le Client n'\u00e9tait pas allergique mais a malheureusement ressenti une douleur vive.<\/p><p>Ne prenez pas de chance et appelez un expert pour\u00a0r\u00e9soudre ce probl\u00e8me de fa\u00e7on s\u00e9curitaire!<\/p><\/div>\t\t<\/div>\r\n\r\n\t\t\n\t\t\t\t<\/div><!-- .dslc-module -->\n\t\t<\/div><\/div><\/div>\n\t\t<div  class=\"dslc-modules-section \" style=\"\" data-section-id=\"b48483863a2\">\n\t\t\t\t\n\t\t\t\t\n\t\t\t\t<div class=\"dslc-modules-section-wrapper dslc-clearfix\"><div class=\"dslc-modules-area dslc-col dslc-12-col dslc-last-col dslc-valign- \" data-size=\"12\" data-valign=\"\">\n\t\t<div id=\"dslc-module-99ca3684a29\" class=\"dslc-module-front dslc-module-DSLC_Text_Simple dslc-in-viewport-check dslc-in-viewport-anim-none  dslc-col dslc-12-col dslc-last-col  dslc-module-handle-like-regular \" data-module-id=\"99ca3684a29\" data-module=\"DSLC_Text_Simple\" data-dslc-module-size=\"12\" data-dslc-anim=\"none\" data-dslc-anim-delay=\"0\" data-dslc-anim-duration=\"650\"  data-dslc-anim-easing=\"ease\" data-dslc-preset=\"none\" >\n\n\t\t\t\n\t\t\t\n\t\t\r\n\t\t<div class=\"dslc-text-module-content\">\r\n\t\t\t<h1 style=\"text-align: center;\">SUCCURSALES<\/h1>\t\t<\/div>\r\n\r\n\t\t\n\t\t\t\t<\/div><!-- .dslc-module -->\n\t\t\n\t\t<div id=\"dslc-module-56ef32b5bf5\" class=\"dslc-module-front dslc-module-DSLC_Image dslc-in-viewport-check dslc-in-viewport-anim-none  dslc-col dslc-12-col dslc-last-col  dslc-module-handle-like-regular \" data-module-id=\"56ef32b5bf5\" data-module=\"DSLC_Image\" data-dslc-module-size=\"12\" data-dslc-anim=\"none\" data-dslc-anim-delay=\"0\" data-dslc-anim-duration=\"650\"  data-dslc-anim-easing=\"ease\" data-dslc-preset=\"none\" >\n\n\t\t\t\n\t\t\t\n\t\t\t\t<div class=\"dslc-image-container\">\r\n\t\t<div class=\"dslc-image\">\r\n\r\n\t\t\t\r\n\t\t\t\t\r\n\t\t\t\t\t\t\t\t\t<img src=\"https:\/\/exterminationwestisland.com\/wp-content\/uploads\/2017\/04\/banner_logos.jpg\" alt=\"\" title=\"\" srcset=\"https:\/\/exterminationwestisland.com\/wp-content\/uploads\/2017\/04\/banner_logos.jpg 1170w, https:\/\/exterminationwestisland.com\/wp-content\/uploads\/2017\/04\/banner_logos-680x93.jpg 680w, https:\/\/exterminationwestisland.com\/wp-content\/uploads\/2017\/04\/banner_logos-768x105.jpg 768w, https:\/\/exterminationwestisland.com\/wp-content\/uploads\/2017\/04\/banner_logos-1024x140.jpg 1024w, https:\/\/exterminationwestisland.com\/wp-content\/uploads\/2017\/04\/banner_logos-540x74.jpg 540w\" sizes=\"(max-width: 1170px) 100vw, 1170px\" \/>\r\n\t\t\t\t\r\n\t\t\t\t\t\t\t\t\t<\/div><!-- .dslc-image -->\r\n\t\t<\/div>\r\n\t\t\n\t\t\t\t<\/div><!-- .dslc-module -->\n\t\t<\/div><\/div><\/div><\/div><\/div>","protected":false},"excerpt":{"rendered":"<p>Gu\u00eapesFaites attention et ne vous approchez pas du nid car vous pourriez\u00a0devenir une cible et vous faire piquer!Ce fut le cas d&#8217;un Client aujourd&#8217;hui qui, en voulant nous montrer l&#8217;endroit&nbsp;[&hellip;]<\/p>\n","protected":false},"author":1,"featured_media":0,"parent":32,"menu_order":0,"comment_status":"closed","ping_status":"closed","template":"page-templates\/page_builder.php","meta":{"footnotes":""},"class_list":["post-67","page","type-page","status-publish","hentry","clearfix"],"yoast_head":"<!-- This site is optimized with the Yoast SEO plugin v26.8 - https:\/\/yoast.com\/product\/yoast-seo-wordpress\/ -->\n<title>GU\u00caPE - Extermination West Island<\/title>\n<meta name=\"robots\" content=\"index, follow, max-snippet:-1, max-image-preview:large, max-video-preview:-1\" \/>\n<link rel=\"canonical\" href=\"https:\/\/exterminationwestisland.com\/en\/identification-of-pests\/wasps-yellow-jacket\/\" \/>\n<meta property=\"og:locale\" content=\"fr_FR\" \/>\n<meta property=\"og:type\" content=\"article\" \/>\n<meta property=\"og:title\" content=\"GU\u00caPE - Extermination West Island\" \/>\n<meta property=\"og:description\" content=\"Gu\u00eapesFaites attention et ne vous approchez pas du nid car vous pourriez\u00a0devenir une cible et vous faire piquer!Ce fut le cas d&#039;un Client aujourd&#039;hui qui, en voulant nous montrer l&#039;endroit&nbsp;[&hellip;]\" \/>\n<meta property=\"og:url\" content=\"https:\/\/exterminationwestisland.com\/en\/identification-of-pests\/wasps-yellow-jacket\/\" \/>\n<meta property=\"og:site_name\" content=\"Extermination West Island\" \/>\n<meta property=\"article:publisher\" content=\"https:\/\/www.facebook.com\/Extermination-West-Island-185552422039307\/\" \/>\n<meta property=\"article:modified_time\" content=\"2017-04-11T16:19:36+00:00\" \/>\n<meta name=\"twitter:card\" content=\"summary_large_image\" \/>\n<!-- \/ Yoast SEO plugin. -->","yoast_head_json":{"title":"GU\u00caPE - Extermination West Island","robots":{"index":"index","follow":"follow","max-snippet":"max-snippet:-1","max-image-preview":"max-image-preview:large","max-video-preview":"max-video-preview:-1"},"canonical":"https:\/\/exterminationwestisland.com\/en\/identification-of-pests\/wasps-yellow-jacket\/","og_locale":"fr_FR","og_type":"article","og_title":"GU\u00caPE - Extermination West Island","og_description":"Gu\u00eapesFaites attention et ne vous approchez pas du nid car vous pourriez\u00a0devenir une cible et vous faire piquer!Ce fut le cas d'un Client aujourd'hui qui, en voulant nous montrer l'endroit&nbsp;[&hellip;]","og_url":"https:\/\/exterminationwestisland.com\/en\/identification-of-pests\/wasps-yellow-jacket\/","og_site_name":"Extermination West Island","article_publisher":"https:\/\/www.facebook.com\/Extermination-West-Island-185552422039307\/","article_modified_time":"2017-04-11T16:19:36+00:00","twitter_card":"summary_large_image","schema":{"@context":"https:\/\/schema.org","@graph":[{"@type":"WebPage","@id":"https:\/\/exterminationwestisland.com\/en\/identification-of-pests\/wasps-yellow-jacket\/","url":"https:\/\/exterminationwestisland.com\/en\/identification-of-pests\/wasps-yellow-jacket\/","name":"GU\u00caPE - Extermination West Island","isPartOf":{"@id":"https:\/\/exterminationwestisland.com\/en\/#website"},"primaryImageOfPage":{"@id":"https:\/\/exterminationwestisland.com\/en\/identification-of-pests\/wasps-yellow-jacket\/#primaryimage"},"image":{"@id":"https:\/\/exterminationwestisland.com\/en\/identification-of-pests\/wasps-yellow-jacket\/#primaryimage"},"thumbnailUrl":"https:\/\/exterminationwestisland.com\/wp-content\/uploads\/2017\/04\/wasps_yellow_jackets.jpg","datePublished":"2017-04-05T22:17:41+00:00","dateModified":"2017-04-11T16:19:36+00:00","breadcrumb":{"@id":"https:\/\/exterminationwestisland.com\/en\/identification-of-pests\/wasps-yellow-jacket\/#breadcrumb"},"inLanguage":"fr-FR","potentialAction":[{"@type":"ReadAction","target":["https:\/\/exterminationwestisland.com\/en\/identification-of-pests\/wasps-yellow-jacket\/"]}]},{"@type":"ImageObject","inLanguage":"fr-FR","@id":"https:\/\/exterminationwestisland.com\/en\/identification-of-pests\/wasps-yellow-jacket\/#primaryimage","url":"https:\/\/exterminationwestisland.com\/wp-content\/uploads\/2017\/04\/wasps_yellow_jackets.jpg","contentUrl":"https:\/\/exterminationwestisland.com\/wp-content\/uploads\/2017\/04\/wasps_yellow_jackets.jpg"},{"@type":"BreadcrumbList","@id":"https:\/\/exterminationwestisland.com\/en\/identification-of-pests\/wasps-yellow-jacket\/#breadcrumb","itemListElement":[{"@type":"ListItem","position":1,"name":"Home","item":"https:\/\/exterminationwestisland.com\/en\/"},{"@type":"ListItem","position":2,"name":"IDENTIFICATION PARASITES","item":"https:\/\/exterminationwestisland.com\/en\/identification-of-pests\/"},{"@type":"ListItem","position":3,"name":"GU\u00caPE"}]},{"@type":"WebSite","@id":"https:\/\/exterminationwestisland.com\/en\/#website","url":"https:\/\/exterminationwestisland.com\/en\/","name":"Extermination West Island","description":"Services d&#039;Extermination dans la grande r\u00e9gion de l&#039;Ouest de l&#039;\u00eele de Montreal. Probl\u00e8me de Fourmis Charpenti\u00e8re, Souris, et tout autres insectes et vermines","publisher":{"@id":"https:\/\/exterminationwestisland.com\/en\/#organization"},"potentialAction":[{"@type":"SearchAction","target":{"@type":"EntryPoint","urlTemplate":"https:\/\/exterminationwestisland.com\/en\/?s={search_term_string}"},"query-input":{"@type":"PropertyValueSpecification","valueRequired":true,"valueName":"search_term_string"}}],"inLanguage":"fr-FR"},{"@type":"Organization","@id":"https:\/\/exterminationwestisland.com\/en\/#organization","name":"Extermination West Island","url":"https:\/\/exterminationwestisland.com\/en\/","logo":{"@type":"ImageObject","inLanguage":"fr-FR","@id":"https:\/\/exterminationwestisland.com\/en\/#\/schema\/logo\/image\/","url":"https:\/\/exterminationwestisland.com\/wp-content\/uploads\/2017\/04\/extermination_west_island_logoB.jpg","contentUrl":"https:\/\/exterminationwestisland.com\/wp-content\/uploads\/2017\/04\/extermination_west_island_logoB.jpg","width":400,"height":150,"caption":"Extermination West Island"},"image":{"@id":"https:\/\/exterminationwestisland.com\/en\/#\/schema\/logo\/image\/"},"sameAs":["https:\/\/www.facebook.com\/Extermination-West-Island-185552422039307\/","https:\/\/business.facebook.com\/Extermination-West-Island-185552422039307\/?business_id=1010707382373498","https:\/\/www.linkedin.com\/company\/ircae\/"]}]}},"_links":{"self":[{"href":"https:\/\/exterminationwestisland.com\/fr\/wp-json\/wp\/v2\/pages\/67","targetHints":{"allow":["GET"]}}],"collection":[{"href":"https:\/\/exterminationwestisland.com\/fr\/wp-json\/wp\/v2\/pages"}],"about":[{"href":"https:\/\/exterminationwestisland.com\/fr\/wp-json\/wp\/v2\/types\/page"}],"author":[{"embeddable":true,"href":"https:\/\/exterminationwestisland.com\/fr\/wp-json\/wp\/v2\/users\/1"}],"replies":[{"embeddable":true,"href":"https:\/\/exterminationwestisland.com\/fr\/wp-json\/wp\/v2\/comments?post=67"}],"version-history":[{"count":1,"href":"https:\/\/exterminationwestisland.com\/fr\/wp-json\/wp\/v2\/pages\/67\/revisions"}],"predecessor-version":[{"id":68,"href":"https:\/\/exterminationwestisland.com\/fr\/wp-json\/wp\/v2\/pages\/67\/revisions\/68"}],"up":[{"embeddable":true,"href":"https:\/\/exterminationwestisland.com\/fr\/wp-json\/wp\/v2\/pages\/32"}],"wp:attachment":[{"href":"https:\/\/exterminationwestisland.com\/fr\/wp-json\/wp\/v2\/media?parent=67"}],"curies":[{"name":"wp","href":"https:\/\/api.w.org\/{rel}","templated":true}]}}