{"id":61,"date":"2017-04-05T18:15:17","date_gmt":"2017-04-05T22:15:17","guid":{"rendered":"http:\/\/exterminationwestisland.com\/?page_id=61\/"},"modified":"2017-04-11T12:16:30","modified_gmt":"2017-04-11T16:16:30","slug":"blatte-coquerelle","status":"publish","type":"page","link":"https:\/\/exterminationwestisland.com\/fr\/identification-des-parasites\/blatte-coquerelle\/","title":{"rendered":"BLATTE (COQUERELLE)"},"content":{"rendered":"<div id=\"dslc-content\" class=\"dslc-content dslc-clearfix\"><div id=\"dslc-main\">\n\t\t<div  class=\"dslc-modules-section \" style=\"margin-bottom:41px;padding-bottom:0px;padding-top:0px;\" data-section-id=\"7cccf546eb4\">\n\t\t\t\t\n\t\t\t\t\n\t\t\t\t<div class=\"dslc-modules-section-wrapper dslc-clearfix\"><div class=\"dslc-modules-area dslc-col dslc-3-col dslc-first-col dslc-valign- \" data-size=\"3\" data-valign=\"\">\n\t\t<div id=\"dslc-module-1c0079f9086\" class=\"dslc-module-front dslc-module-DSLC_Text_Simple dslc-in-viewport-check dslc-in-viewport-anim-none  dslc-col dslc-12-col dslc-last-col  dslc-module-handle-like-regular \" data-module-id=\"1c0079f9086\" data-module=\"DSLC_Text_Simple\" data-dslc-module-size=\"12\" data-dslc-anim=\"none\" data-dslc-anim-delay=\"0\" data-dslc-anim-duration=\"650\"  data-dslc-anim-easing=\"ease\" data-dslc-preset=\"none\" >\n\n\t\t\t\n\t\t\t\n\t\t\r\n\t\t<div class=\"dslc-text-module-content\">\r\n\t\t\t<br>\t\t<\/div>\r\n\r\n\t\t\n\t\t\t\t<\/div><!-- .dslc-module -->\n\t\t\n\t\t<div id=\"dslc-module-5ae50df39ff\" class=\"dslc-module-front dslc-module-DSLC_Image dslc-in-viewport-check dslc-in-viewport-anim-none  dslc-col dslc-12-col dslc-last-col  dslc-module-handle-like-regular \" data-module-id=\"5ae50df39ff\" data-module=\"DSLC_Image\" data-dslc-module-size=\"12\" data-dslc-anim=\"none\" data-dslc-anim-delay=\"0\" data-dslc-anim-duration=\"650\"  data-dslc-anim-easing=\"ease\" data-dslc-preset=\"none\" >\n\n\t\t\t\n\t\t\t\n\t\t\t\t<div class=\"dslc-image-container\">\r\n\t\t<div class=\"dslc-image\">\r\n\r\n\t\t\t\r\n\t\t\t\t\r\n\t\t\t\t\t\t\t\t\t<img src=\"https:\/\/exterminationwestisland.com\/wp-content\/uploads\/2017\/04\/cockroach.jpg\" alt=\"\" title=\"\" srcset=\"https:\/\/exterminationwestisland.com\/wp-content\/uploads\/2017\/04\/cockroach.jpg 273w, https:\/\/exterminationwestisland.com\/wp-content\/uploads\/2017\/04\/cockroach-150x150.jpg 150w\" sizes=\"(max-width: 273px) 100vw, 273px\" \/>\r\n\t\t\t\t\r\n\t\t\t\t\t\t\t\t\t<\/div><!-- .dslc-image -->\r\n\t\t<\/div>\r\n\t\t\n\t\t\t\t<\/div><!-- .dslc-module -->\n\t\t<\/div><div class=\"dslc-modules-area dslc-col dslc-9-col dslc-last-col dslc-valign- \" data-size=\"9\" data-valign=\"\">\n\t\t<div id=\"dslc-module-ffbde28e32b\" class=\"dslc-module-front dslc-module-DSLC_Text_Simple dslc-in-viewport-check dslc-in-viewport-anim-none  dslc-col dslc-12-col dslc-last-col  dslc-module-handle-like-regular \" data-module-id=\"ffbde28e32b\" data-module=\"DSLC_Text_Simple\" data-dslc-module-size=\"12\" data-dslc-anim=\"none\" data-dslc-anim-delay=\"\" data-dslc-anim-duration=\"650\"  data-dslc-anim-easing=\"ease\" data-dslc-preset=\"none\" >\n\n\t\t\t\n\t\t\t\n\t\t\r\n\t\t<div class=\"dslc-text-module-content\">\r\n\t\t\t<h1><strong>Blatte (Coquerelle)<\/strong><\/h1><div>La p\u00e9riode de d\u00e9m\u00e9nagement \u00e9tant commenc\u00e9e, rien de plus choquant que de constater la pr\u00e9sence de\u00a0ces insectes dans votre nouvelle demeure. Un cadeau souvent laiss\u00e9 derri\u00e8re par les pr\u00e9c\u00e9dents occupants!<br><br><p><strong>IDENTIFICATION & MODE DE VIE<\/strong><\/p><p>La blatte, aussi appel\u00e9e coquerelle, cafard et cancrelat\u00a0mesure entre 1,3 et 1,6 cm (\u00bd \u00e0 5\/8 po) et elle est de couleur havane \u00e0 brun p\u00e2le avec deux lignes fonc\u00e9es parall\u00e8les qui partent de la t\u00eate et se terminent \u00e0 la base des ailes. Elles\u00a0ont des ailes, mais\u00a0sont incapables de voler.<\/p><p>Les blattes occupent tout endroit o\u00f9 elles ont acc\u00e8s \u00e0 de la nourriture, \u00e0 de l'eau et \u00e0 un abri. Elles sont attir\u00e9es par les immeubles en raison des conditions chaudes et humides offertes par les cuisines, les salles de bains, les sous-sols et les installations de plomberie. Leur pr\u00e9sence ne signifie pas n\u00e9cessairement qu'un lieu est insalubre.<\/p><p>Les blattes et leurs oeufs peuvent entrer dans une r\u00e9sidence sur divers objets comme de vieux meubles, des denr\u00e9es alimentaires, des bouteilles de bi\u00e8re et de boissons gazeuses vides de m\u00eame que des bo\u00eetes servant au transport.<\/p><p>Une fois \u00e0 l'int\u00e9rieur d'un immeuble, les blattes s'y d\u00e9placent facilement. \u00c9tant donn\u00e9 que les blattes sont les plus actives la nuit, elles peuvent ne pas \u00eatre d\u00e9tect\u00e9es avant un certain temps. Les blattes aiment les aliments qui contiennent de l'amidon, des sucres et des prot\u00e9ines, mais elles peuvent manger n'importe quoi lorsqu'elles sont affam\u00e9es.<\/p><p><strong>QUOI FAIRE\u00a0POUR S'EN D\u00c9BARASSER<\/strong><\/p><p>Un bon nettoyage... et un traitement fait par un expert de l'Institut R\u00e9gionale (IRCAE) qui\u00a0interviendra \u00e0 l'aide d'app\u00e2ts, proc\u00e9dure tr\u00e8s s\u00e9curitaire pour les occupants.<\/p><p>Ces produits\u00a0utilis\u00e9s ne sont malheureusement pas disponibles aux consommateurs mais assurent un r\u00e9sultat complet dans les semaines suivant l'intervention.\u00a0<\/p><p>Les insecticides domestiques sont assez efficaces mais il est probable que vos efforts ne suffisent pas \u00e0 enrayer l'infestation totalement.\u00a0<\/p><br><p>Pour plus d'informations, communiquez avec nous en cliquant l'Onglet \u00abTrouvez un expert exterminateur\u00bb de votre r\u00e9gion.<\/p><\/div>\t\t<\/div>\r\n\r\n\t\t\n\t\t\t\t<\/div><!-- .dslc-module -->\n\t\t<\/div><\/div><\/div>\n\t\t<div  class=\"dslc-modules-section \" style=\"margin-bottom:41px;padding-bottom:0px;padding-top:0px;\" data-section-id=\"b48483863a2\">\n\t\t\t\t\n\t\t\t\t\n\t\t\t\t<div class=\"dslc-modules-section-wrapper dslc-clearfix\"><div class=\"dslc-modules-area dslc-col dslc-12-col dslc-last-col dslc-valign- \" data-size=\"12\" data-valign=\"\">\n\t\t<div id=\"dslc-module-17e9d2a2974\" class=\"dslc-module-front dslc-module-DSLC_Text_Simple dslc-in-viewport-check dslc-in-viewport-anim-none  dslc-col dslc-12-col dslc-last-col  dslc-module-handle-like-regular \" data-module-id=\"17e9d2a2974\" data-module=\"DSLC_Text_Simple\" data-dslc-module-size=\"12\" data-dslc-anim=\"none\" data-dslc-anim-delay=\"0\" data-dslc-anim-duration=\"650\"  data-dslc-anim-easing=\"ease\" data-dslc-preset=\"none\" >\n\n\t\t\t\n\t\t\t\n\t\t\r\n\t\t<div class=\"dslc-text-module-content\">\r\n\t\t\t<h1 style=\"text-align: center;\">SUCCURSALES<\/h1>\t\t<\/div>\r\n\r\n\t\t\n\t\t\t\t<\/div><!-- .dslc-module -->\n\t\t\n\t\t<div id=\"dslc-module-c4b02ee7f80\" class=\"dslc-module-front dslc-module-DSLC_Image dslc-in-viewport-check dslc-in-viewport-anim-none  dslc-col dslc-12-col dslc-last-col  dslc-module-handle-like-regular \" data-module-id=\"c4b02ee7f80\" data-module=\"DSLC_Image\" data-dslc-module-size=\"12\" data-dslc-anim=\"none\" data-dslc-anim-delay=\"0\" data-dslc-anim-duration=\"650\"  data-dslc-anim-easing=\"ease\" data-dslc-preset=\"none\" >\n\n\t\t\t\n\t\t\t\n\t\t\t\t<div class=\"dslc-image-container\">\r\n\t\t<div class=\"dslc-image\">\r\n\r\n\t\t\t\r\n\t\t\t\t\r\n\t\t\t\t\t\t\t\t\t<img src=\"https:\/\/exterminationwestisland.com\/wp-content\/uploads\/2017\/04\/banner_logos.jpg\" alt=\"\" title=\"\" srcset=\"https:\/\/exterminationwestisland.com\/wp-content\/uploads\/2017\/04\/banner_logos.jpg 1170w, https:\/\/exterminationwestisland.com\/wp-content\/uploads\/2017\/04\/banner_logos-680x93.jpg 680w, https:\/\/exterminationwestisland.com\/wp-content\/uploads\/2017\/04\/banner_logos-768x105.jpg 768w, https:\/\/exterminationwestisland.com\/wp-content\/uploads\/2017\/04\/banner_logos-1024x140.jpg 1024w, https:\/\/exterminationwestisland.com\/wp-content\/uploads\/2017\/04\/banner_logos-540x74.jpg 540w\" sizes=\"(max-width: 1170px) 100vw, 1170px\" \/>\r\n\t\t\t\t\r\n\t\t\t\t\t\t\t\t\t<\/div><!-- .dslc-image -->\r\n\t\t<\/div>\r\n\t\t\n\t\t\t\t<\/div><!-- .dslc-module -->\n\t\t<\/div><\/div><\/div><\/div><\/div>","protected":false},"excerpt":{"rendered":"<p>Blatte (Coquerelle)La p\u00e9riode de d\u00e9m\u00e9nagement \u00e9tant commenc\u00e9e, rien de plus choquant que de constater la pr\u00e9sence de\u00a0ces insectes dans votre nouvelle demeure. Un cadeau souvent laiss\u00e9 derri\u00e8re par les pr\u00e9c\u00e9dents&nbsp;[&hellip;]<\/p>\n","protected":false},"author":1,"featured_media":0,"parent":32,"menu_order":0,"comment_status":"closed","ping_status":"closed","template":"page-templates\/page_builder.php","meta":{"footnotes":""},"class_list":["post-61","page","type-page","status-publish","hentry","clearfix"],"yoast_head":"<!-- This site is optimized with the Yoast SEO plugin v26.8 - https:\/\/yoast.com\/product\/yoast-seo-wordpress\/ -->\n<title>BLATTE (COQUERELLE) - Extermination West Island<\/title>\n<meta name=\"robots\" content=\"index, follow, max-snippet:-1, max-image-preview:large, max-video-preview:-1\" \/>\n<link rel=\"canonical\" href=\"https:\/\/exterminationwestisland.com\/en\/identification-of-pests\/cockroaches\/\" \/>\n<meta property=\"og:locale\" content=\"fr_FR\" \/>\n<meta property=\"og:type\" content=\"article\" \/>\n<meta property=\"og:title\" content=\"BLATTE (COQUERELLE) - Extermination West Island\" \/>\n<meta property=\"og:description\" content=\"Blatte (Coquerelle)La p\u00e9riode de d\u00e9m\u00e9nagement \u00e9tant commenc\u00e9e, rien de plus choquant que de constater la pr\u00e9sence de\u00a0ces insectes dans votre nouvelle demeure. Un cadeau souvent laiss\u00e9 derri\u00e8re par les pr\u00e9c\u00e9dents&nbsp;[&hellip;]\" \/>\n<meta property=\"og:url\" content=\"https:\/\/exterminationwestisland.com\/en\/identification-of-pests\/cockroaches\/\" \/>\n<meta property=\"og:site_name\" content=\"Extermination West Island\" \/>\n<meta property=\"article:publisher\" content=\"https:\/\/www.facebook.com\/Extermination-West-Island-185552422039307\/\" \/>\n<meta property=\"article:modified_time\" content=\"2017-04-11T16:16:30+00:00\" \/>\n<meta name=\"twitter:card\" content=\"summary_large_image\" \/>\n<meta name=\"twitter:label1\" content=\"Dur\u00e9e de lecture estim\u00e9e\" \/>\n\t<meta name=\"twitter:data1\" content=\"2 minutes\" \/>\n<!-- \/ Yoast SEO plugin. -->","yoast_head_json":{"title":"BLATTE (COQUERELLE) - Extermination West Island","robots":{"index":"index","follow":"follow","max-snippet":"max-snippet:-1","max-image-preview":"max-image-preview:large","max-video-preview":"max-video-preview:-1"},"canonical":"https:\/\/exterminationwestisland.com\/en\/identification-of-pests\/cockroaches\/","og_locale":"fr_FR","og_type":"article","og_title":"BLATTE (COQUERELLE) - Extermination West Island","og_description":"Blatte (Coquerelle)La p\u00e9riode de d\u00e9m\u00e9nagement \u00e9tant commenc\u00e9e, rien de plus choquant que de constater la pr\u00e9sence de\u00a0ces insectes dans votre nouvelle demeure. Un cadeau souvent laiss\u00e9 derri\u00e8re par les pr\u00e9c\u00e9dents&nbsp;[&hellip;]","og_url":"https:\/\/exterminationwestisland.com\/en\/identification-of-pests\/cockroaches\/","og_site_name":"Extermination West Island","article_publisher":"https:\/\/www.facebook.com\/Extermination-West-Island-185552422039307\/","article_modified_time":"2017-04-11T16:16:30+00:00","twitter_card":"summary_large_image","twitter_misc":{"Dur\u00e9e de lecture estim\u00e9e":"2 minutes"},"schema":{"@context":"https:\/\/schema.org","@graph":[{"@type":"WebPage","@id":"https:\/\/exterminationwestisland.com\/en\/identification-of-pests\/cockroaches\/","url":"https:\/\/exterminationwestisland.com\/en\/identification-of-pests\/cockroaches\/","name":"BLATTE (COQUERELLE) - Extermination West Island","isPartOf":{"@id":"https:\/\/exterminationwestisland.com\/en\/#website"},"primaryImageOfPage":{"@id":"https:\/\/exterminationwestisland.com\/en\/identification-of-pests\/cockroaches\/#primaryimage"},"image":{"@id":"https:\/\/exterminationwestisland.com\/en\/identification-of-pests\/cockroaches\/#primaryimage"},"thumbnailUrl":"https:\/\/exterminationwestisland.com\/wp-content\/uploads\/2017\/04\/cockroach.jpg","datePublished":"2017-04-05T22:15:17+00:00","dateModified":"2017-04-11T16:16:30+00:00","breadcrumb":{"@id":"https:\/\/exterminationwestisland.com\/en\/identification-of-pests\/cockroaches\/#breadcrumb"},"inLanguage":"fr-FR","potentialAction":[{"@type":"ReadAction","target":["https:\/\/exterminationwestisland.com\/en\/identification-of-pests\/cockroaches\/"]}]},{"@type":"ImageObject","inLanguage":"fr-FR","@id":"https:\/\/exterminationwestisland.com\/en\/identification-of-pests\/cockroaches\/#primaryimage","url":"https:\/\/exterminationwestisland.com\/wp-content\/uploads\/2017\/04\/cockroach.jpg","contentUrl":"https:\/\/exterminationwestisland.com\/wp-content\/uploads\/2017\/04\/cockroach.jpg"},{"@type":"BreadcrumbList","@id":"https:\/\/exterminationwestisland.com\/en\/identification-of-pests\/cockroaches\/#breadcrumb","itemListElement":[{"@type":"ListItem","position":1,"name":"Home","item":"https:\/\/exterminationwestisland.com\/en\/"},{"@type":"ListItem","position":2,"name":"IDENTIFICATION PARASITES","item":"https:\/\/exterminationwestisland.com\/en\/identification-of-pests\/"},{"@type":"ListItem","position":3,"name":"BLATTE (COQUERELLE)"}]},{"@type":"WebSite","@id":"https:\/\/exterminationwestisland.com\/en\/#website","url":"https:\/\/exterminationwestisland.com\/en\/","name":"Extermination West Island","description":"Services d&#039;Extermination dans la grande r\u00e9gion de l&#039;Ouest de l&#039;\u00eele de Montreal. Probl\u00e8me de Fourmis Charpenti\u00e8re, Souris, et tout autres insectes et vermines","publisher":{"@id":"https:\/\/exterminationwestisland.com\/en\/#organization"},"potentialAction":[{"@type":"SearchAction","target":{"@type":"EntryPoint","urlTemplate":"https:\/\/exterminationwestisland.com\/en\/?s={search_term_string}"},"query-input":{"@type":"PropertyValueSpecification","valueRequired":true,"valueName":"search_term_string"}}],"inLanguage":"fr-FR"},{"@type":"Organization","@id":"https:\/\/exterminationwestisland.com\/en\/#organization","name":"Extermination West Island","url":"https:\/\/exterminationwestisland.com\/en\/","logo":{"@type":"ImageObject","inLanguage":"fr-FR","@id":"https:\/\/exterminationwestisland.com\/en\/#\/schema\/logo\/image\/","url":"https:\/\/exterminationwestisland.com\/wp-content\/uploads\/2017\/04\/extermination_west_island_logoB.jpg","contentUrl":"https:\/\/exterminationwestisland.com\/wp-content\/uploads\/2017\/04\/extermination_west_island_logoB.jpg","width":400,"height":150,"caption":"Extermination West Island"},"image":{"@id":"https:\/\/exterminationwestisland.com\/en\/#\/schema\/logo\/image\/"},"sameAs":["https:\/\/www.facebook.com\/Extermination-West-Island-185552422039307\/","https:\/\/business.facebook.com\/Extermination-West-Island-185552422039307\/?business_id=1010707382373498","https:\/\/www.linkedin.com\/company\/ircae\/"]}]}},"_links":{"self":[{"href":"https:\/\/exterminationwestisland.com\/fr\/wp-json\/wp\/v2\/pages\/61","targetHints":{"allow":["GET"]}}],"collection":[{"href":"https:\/\/exterminationwestisland.com\/fr\/wp-json\/wp\/v2\/pages"}],"about":[{"href":"https:\/\/exterminationwestisland.com\/fr\/wp-json\/wp\/v2\/types\/page"}],"author":[{"embeddable":true,"href":"https:\/\/exterminationwestisland.com\/fr\/wp-json\/wp\/v2\/users\/1"}],"replies":[{"embeddable":true,"href":"https:\/\/exterminationwestisland.com\/fr\/wp-json\/wp\/v2\/comments?post=61"}],"version-history":[{"count":1,"href":"https:\/\/exterminationwestisland.com\/fr\/wp-json\/wp\/v2\/pages\/61\/revisions"}],"predecessor-version":[{"id":62,"href":"https:\/\/exterminationwestisland.com\/fr\/wp-json\/wp\/v2\/pages\/61\/revisions\/62"}],"up":[{"embeddable":true,"href":"https:\/\/exterminationwestisland.com\/fr\/wp-json\/wp\/v2\/pages\/32"}],"wp:attachment":[{"href":"https:\/\/exterminationwestisland.com\/fr\/wp-json\/wp\/v2\/media?parent=61"}],"curies":[{"name":"wp","href":"https:\/\/api.w.org\/{rel}","templated":true}]}}