{"id":40,"date":"2017-04-05T18:05:31","date_gmt":"2017-04-05T22:05:31","guid":{"rendered":"http:\/\/exterminationwestisland.com\/?page_id=40\/"},"modified":"2020-05-12T14:06:47","modified_gmt":"2020-05-12T14:06:47","slug":"nous-joindre","status":"publish","type":"page","link":"https:\/\/exterminationwestisland.com\/fr\/nous-joindre\/","title":{"rendered":"CONTACT"},"content":{"rendered":"<div id=\"dslc-content\" class=\"dslc-content dslc-clearfix\"><div id=\"dslc-main\">\n\t\t<div  class=\"dslc-modules-section  dslc-full \" style=\"margin-bottom:41px;padding-bottom:0px;padding-top:0px;\" data-section-id=\"396e629083c\">\n\t\t\t\t\n\t\t\t\t\n\t\t\t\t<div class=\"dslc-modules-section-wrapper dslc-clearfix\"><div class=\"dslc-modules-area dslc-col dslc-12-col dslc-last-col dslc-valign- \" data-size=\"12\" data-valign=\"\">\n\t\t<div id=\"dslc-module-78dc702c003\" class=\"dslc-module-front dslc-module-DSLC_Image dslc-in-viewport-check dslc-in-viewport-anim-none  dslc-col dslc-12-col dslc-last-col  dslc-module-handle-like-regular \" data-module-id=\"78dc702c003\" data-module=\"DSLC_Image\" data-dslc-module-size=\"12\" data-dslc-anim=\"none\" data-dslc-anim-delay=\"0\" data-dslc-anim-duration=\"650\"  data-dslc-anim-easing=\"ease\" data-dslc-preset=\"none\" >\n\n\t\t\t\n\t\t\t\n\t\t\t\t<div class=\"dslc-image-container\">\r\n\t\t<div class=\"dslc-image\">\r\n\r\n\t\t\t\r\n\t\t\t\t\r\n\t\t\t\t\t\t\t\t\t<img src=\"https:\/\/exterminationwestisland.com\/wp-content\/uploads\/2017\/04\/banner_8.jpg\" alt=\"\" title=\"\" srcset=\"https:\/\/exterminationwestisland.com\/wp-content\/uploads\/2017\/04\/banner_8.jpg 1920w, https:\/\/exterminationwestisland.com\/wp-content\/uploads\/2017\/04\/banner_8-300x47.jpg 300w, https:\/\/exterminationwestisland.com\/wp-content\/uploads\/2017\/04\/banner_8-768x120.jpg 768w, https:\/\/exterminationwestisland.com\/wp-content\/uploads\/2017\/04\/banner_8-1024x160.jpg 1024w, https:\/\/exterminationwestisland.com\/wp-content\/uploads\/2017\/04\/banner_8-680x106.jpg 680w, https:\/\/exterminationwestisland.com\/wp-content\/uploads\/2017\/04\/banner_8-540x84.jpg 540w\" sizes=\"(max-width: 1920px) 100vw, 1920px\" \/>\r\n\t\t\t\t\r\n\t\t\t\t\t\t\t\t\t<\/div><!-- .dslc-image -->\r\n\t\t<\/div>\r\n\t\t\n\t\t\t\t<\/div><!-- .dslc-module -->\n\t\t<\/div><\/div><\/div>\n\t\t<div  class=\"dslc-modules-section \" style=\"margin-bottom:41px;padding-bottom:0px;padding-top:0px;\" data-section-id=\"9691e5246b4\">\n\t\t\t\t\n\t\t\t\t\n\t\t\t\t<div class=\"dslc-modules-section-wrapper dslc-clearfix\"><div class=\"dslc-modules-area dslc-col dslc-4-col dslc-first-col dslc-valign- \" data-size=\"4\" data-valign=\"\">\n\t\t<div id=\"dslc-module-37f0e046598\" class=\"dslc-module-front dslc-module-DSLC_Text_Simple dslc-in-viewport-check dslc-in-viewport-anim-none  dslc-col dslc-12-col dslc-last-col  dslc-module-handle-like-regular \" data-module-id=\"37f0e046598\" data-module=\"DSLC_Text_Simple\" data-dslc-module-size=\"12\" data-dslc-anim=\"none\" data-dslc-anim-delay=\"\" data-dslc-anim-duration=\"650\"  data-dslc-anim-easing=\"ease\" data-dslc-preset=\"none\" >\n\n\t\t\t\n\t\t\t\n\t\t\r\n\t\t<div class=\"dslc-text-module-content\">\r\n\t\t\t<h1><strong>NOUS JOINDRE<\/strong><\/h1><div class=\"contact-address\"><p><span class=\"contact-street\"><strong>EXTERMINATION\u00a0WEST ISLAND<\/strong><br>1730 rue Cunard<br>Suite 100<br>Laval, Qu\u00e9bec<br>H7S 2B2<br><\/span><\/p><\/div><div class=\"contact-contactinfo\"><p><span class=\"contact-telephone\">T\u00e9l\u00e9phone : 514\u00a0695-4739<br>Courriel: <a href=\"http:\/\/exterminationmontreal.com\/en\/contact-us\/_wp_link_placeholder\"><strong>info@ircae.ca<\/strong><\/a><\/span><\/p><\/div>\t\t<\/div>\r\n\r\n\t\t\n\t\t\t\t<\/div><!-- .dslc-module -->\n\t\t<\/div><div class=\"dslc-modules-area dslc-col dslc-8-col dslc-last-col dslc-valign- \" data-size=\"8\" data-valign=\"\">\n\t\t<div id=\"dslc-module-16bf107ad63\" class=\"dslc-module-front dslc-module-DSLC_Text_Simple dslc-in-viewport-check dslc-in-viewport-anim-none  dslc-col dslc-12-col dslc-last-col  dslc-module-handle-like-regular \" data-module-id=\"16bf107ad63\" data-module=\"DSLC_Text_Simple\" data-dslc-module-size=\"12\" data-dslc-anim=\"none\" data-dslc-anim-delay=\"0\" data-dslc-anim-duration=\"650\"  data-dslc-anim-easing=\"ease\" data-dslc-preset=\"none\" >\n\n\t\t\t\n\t\t\t\n\t\t\r\n\t\t<div class=\"dslc-text-module-content\">\r\n\t\t\t<br><br><br>\t\t<\/div>\r\n\r\n\t\t\n\t\t\t\t<\/div><!-- .dslc-module -->\n\t\t\n\t\t<div id=\"dslc-module-474cf905394\" class=\"dslc-module-front dslc-module-DSLC_Shortcode dslc-in-viewport-check dslc-in-viewport-anim-none  dslc-col dslc-12-col dslc-last-col  dslc-module-handle-like-regular \" data-module-id=\"474cf905394\" data-module=\"DSLC_Shortcode\" data-dslc-module-size=\"12\" data-dslc-anim=\"none\" data-dslc-anim-delay=\"\" data-dslc-anim-duration=\"650\"  data-dslc-anim-easing=\"ease\" data-dslc-preset=\"none\" >\n\n\t\t\t\n\t\t\t\n\t\t\t\t<div class=\"dslc-module-shortcode\">\r\n\t\t\t\n<div class=\"wpcf7 no-js\" id=\"wpcf7-f11-o2\" lang=\"en-CA\" dir=\"ltr\" data-wpcf7-id=\"11\">\n<div class=\"screen-reader-response\"><p role=\"status\" aria-live=\"polite\" aria-atomic=\"true\"><\/p> <ul><\/ul><\/div>\n<form action=\"\/fr\/wp-json\/wp\/v2\/pages\/40#wpcf7-f11-o2\" method=\"post\" class=\"wpcf7-form init\" aria-label=\"Contact form\" novalidate=\"novalidate\" data-status=\"init\">\n<fieldset class=\"hidden-fields-container\"><input type=\"hidden\" name=\"_wpcf7\" value=\"11\" \/><input type=\"hidden\" name=\"_wpcf7_version\" value=\"6.1.5\" \/><input type=\"hidden\" name=\"_wpcf7_locale\" value=\"en_CA\" \/><input type=\"hidden\" name=\"_wpcf7_unit_tag\" value=\"wpcf7-f11-o2\" \/><input type=\"hidden\" name=\"_wpcf7_container_post\" value=\"0\" \/><input type=\"hidden\" name=\"_wpcf7_posted_data_hash\" value=\"\" \/>\n<\/fieldset>\n<p><label> Votre nom (requis)<br \/>\n<span class=\"wpcf7-form-control-wrap\" data-name=\"your-name\"><input size=\"40\" maxlength=\"400\" class=\"wpcf7-form-control wpcf7-text wpcf7-validates-as-required\" aria-required=\"true\" aria-invalid=\"false\" value=\"\" type=\"text\" name=\"your-name\" \/><\/span> <\/label>\n<\/p>\n<p><label> Votre courriel (requis)<br \/>\n<span class=\"wpcf7-form-control-wrap\" data-name=\"your-email\"><input size=\"40\" maxlength=\"400\" class=\"wpcf7-form-control wpcf7-email wpcf7-validates-as-required wpcf7-text wpcf7-validates-as-email\" aria-required=\"true\" aria-invalid=\"false\" value=\"\" type=\"email\" name=\"your-email\" \/><\/span> <\/label>\n<\/p>\n<p><label> Sujet<br \/>\n<span class=\"wpcf7-form-control-wrap\" data-name=\"your-subject\"><input size=\"40\" maxlength=\"400\" class=\"wpcf7-form-control wpcf7-text\" aria-invalid=\"false\" value=\"\" type=\"text\" name=\"your-subject\" \/><\/span> <\/label>\n<\/p>\n<p><label> Votre message<br \/>\n<span class=\"wpcf7-form-control-wrap\" data-name=\"your-message\"><textarea cols=\"40\" rows=\"10\" maxlength=\"2000\" class=\"wpcf7-form-control wpcf7-textarea\" aria-invalid=\"false\" name=\"your-message\"><\/textarea><\/span> <\/label>\n<\/p>\n<p><input type=\"hidden\" name=\"_wpcf7_captcha_challenge_captcha-674\" value=\"1858916492\" \/><img class=\"wpcf7-form-control wpcf7-captchac wpcf7-captcha-captcha-674\" width=\"84\" height=\"28\" alt=\"captcha\" src=\"https:\/\/exterminationwestisland.com\/wp-content\/uploads\/wpcf7_captcha\/1858916492.png\" \/><span class=\"wpcf7-form-control-wrap\" data-name=\"captcha-674\"><input size=\"40\" class=\"wpcf7-form-control wpcf7-captchar captcha-small\" autocomplete=\"off\" aria-invalid=\"false\" value=\"\" type=\"text\" name=\"captcha-674\" \/><\/span>\n<\/p>\n<p><input class=\"wpcf7-form-control wpcf7-submit has-spinner\" type=\"submit\" value=\"Envoyer\" \/>\n<\/p><div class=\"wpcf7-response-output\" aria-hidden=\"true\"><\/div>\n<\/form>\n<\/div>\n\t\t<\/div>\r\n\t\t\n\t\t\t\t<\/div><!-- .dslc-module -->\n\t\t\n\t\t<div id=\"dslc-module-148cecfef16\" class=\"dslc-module-front dslc-module-DSLC_Image dslc-in-viewport-check dslc-in-viewport-anim-none  dslc-col dslc-12-col dslc-last-col  dslc-module-handle-like-regular \" data-module-id=\"148cecfef16\" data-module=\"DSLC_Image\" data-dslc-module-size=\"12\" data-dslc-anim=\"none\" data-dslc-anim-delay=\"\" data-dslc-anim-duration=\"650\"  data-dslc-anim-easing=\"ease\" data-dslc-preset=\"none\" >\n\n\t\t\t\n\t\t\t\n\t\t\t\t<div class=\"dslc-image-container\">\r\n\t\t<div class=\"dslc-image\">\r\n\r\n\t\t\t\r\n\t\t\t\t\r\n\t\t\t\t\t\t\t\t\t<a class=\"\" href=\"http:\/\/search.google.com\/local\/writereview?placeid=ChIJVzGRy7IiyUwRf8NnYxEUFTc\" target=\"_blank\"  >\r\n\t\t\t\t\t\t\t\t\t<img src=\"https:\/\/exterminationwestisland.com\/wp-content\/uploads\/2020\/05\/google-reviews-badge-FR-red.png\" alt=\"\" title=\"\"   \/>\r\n\t\t\t\t\t\t\t\t\t<\/a>\r\n\t\t\t\t\r\n\t\t\t\t\t\t\t\t\t<\/div><!-- .dslc-image -->\r\n\t\t<\/div>\r\n\t\t\n\t\t\t\t<\/div><!-- .dslc-module -->\n\t\t<\/div><\/div><\/div>\n\t\t<div  class=\"dslc-modules-section \" style=\"padding-bottom:0px;padding-top:0px;\" data-section-id=\"5a14f06b3d1\">\n\t\t\t\t\n\t\t\t\t\n\t\t\t\t<div class=\"dslc-modules-section-wrapper dslc-clearfix\"><div class=\"dslc-modules-area dslc-col dslc-12-col dslc-last-col dslc-valign- \" data-size=\"12\" data-valign=\"\">\n\t\t<div id=\"dslc-module-89e39f4fe78\" class=\"dslc-module-front dslc-module-DSLC_Text_Simple dslc-in-viewport-check dslc-in-viewport-anim-none  dslc-col dslc-12-col dslc-last-col  dslc-module-handle-like-regular \" data-module-id=\"89e39f4fe78\" data-module=\"DSLC_Text_Simple\" data-dslc-module-size=\"12\" data-dslc-anim=\"none\" data-dslc-anim-delay=\"0\" data-dslc-anim-duration=\"650\"  data-dslc-anim-easing=\"ease\" data-dslc-preset=\"none\" >\n\n\t\t\t\n\t\t\t\n\t\t\r\n\t\t<div class=\"dslc-text-module-content\">\r\n\t\t\t<h1 style=\"text-align: center;\" data-mce-style=\"text-align: center;\"><strong>CINQ\u00a0BUREAUX POUR MIEUX VOUS SERVIR!<\/strong><\/h1>\t\t<\/div>\r\n\r\n\t\t\n\t\t\t\t<\/div><!-- .dslc-module -->\n\t\t<\/div><\/div><\/div>\n\t\t<div  class=\"dslc-modules-section \" style=\"margin-bottom:41px;padding-bottom:0px;padding-top:0px;\" data-section-id=\"bb3b0c0f26e\">\n\t\t\t\t\n\t\t\t\t\n\t\t\t\t<div class=\"dslc-modules-section-wrapper dslc-clearfix\"><div class=\"dslc-modules-area dslc-col dslc-12-col dslc-last-col dslc-valign- \" data-size=\"12\" data-valign=\"\">\n\t\t<div id=\"dslc-module-155a4ca7c1c\" class=\"dslc-module-front dslc-module-DSLC_Text_Simple dslc-in-viewport-check dslc-in-viewport-anim-none  dslc-col dslc-12-col dslc-last-col  dslc-module-handle-like-regular \" data-module-id=\"155a4ca7c1c\" data-module=\"DSLC_Text_Simple\" data-dslc-module-size=\"12\" data-dslc-anim=\"none\" data-dslc-anim-delay=\"\" data-dslc-anim-duration=\"650\"  data-dslc-anim-easing=\"ease\" data-dslc-preset=\"none\" >\n\n\t\t\t\n\t\t\t\n\t\t\r\n\t\t<div class=\"dslc-text-module-content\">\r\n\t\t\t<div class=\"contact-address\"><h1><strong>IRCAE - Institut R\u00e9gional de Contr\u00f4le Antiparasitaire et d'Extermination<\/strong><\/h1><p>3577 rue Ashby,\u00a0Saint-Laurent,\u00a0Qu\u00e9bec, H4R 2K3,\u00a0<br>T\u00e9l\u00e9phone : 514 333-0560<br>Courriel: <strong><a href=\"mailto:info@ircae.ca\">info@ircae.ca<\/a><\/strong><\/p><\/div>\t\t<\/div>\r\n\r\n\t\t\n\t\t\t\t<\/div><!-- .dslc-module -->\n\t\t<\/div><\/div><\/div>\n\t\t<div  class=\"dslc-modules-section \" style=\"margin-bottom:41px;padding-bottom:0px;padding-top:0px;\" data-section-id=\"in85svb2jng\">\n\t\t\t\t\n\t\t\t\t\n\t\t\t\t<div class=\"dslc-modules-section-wrapper dslc-clearfix\"><div class=\"dslc-modules-area dslc-col dslc-3-col dslc-first-col dslc-valign- \" data-size=\"3\" data-valign=\"\">\n\t\t<div id=\"dslc-module-72bf2b3d1dd\" class=\"dslc-module-front dslc-module-DSLC_Text_Simple dslc-in-viewport-check dslc-in-viewport-anim-none  dslc-col dslc-12-col dslc-last-col  dslc-module-handle-like-regular \" data-module-id=\"72bf2b3d1dd\" data-module=\"DSLC_Text_Simple\" data-dslc-module-size=\"12\" data-dslc-anim=\"none\" data-dslc-anim-delay=\"0\" data-dslc-anim-duration=\"650\"  data-dslc-anim-easing=\"ease\" data-dslc-preset=\"none\" >\n\n\t\t\t\n\t\t\t\n\t\t\r\n\t\t<div class=\"dslc-text-module-content\">\r\n\t\t\t<div class=\"contact-address\"><h1>EXTERMINATEURS <br>CERTIFI\u00c9S DU GRAND MONTR\u00c9AL<\/h1><p>T\u00e9l\u00e9phone.: 450-239-6226<\/p><\/div>\t\t<\/div>\r\n\r\n\t\t\n\t\t\t\t<\/div><!-- .dslc-module -->\n\t\t<\/div><div class=\"dslc-modules-area dslc-col dslc-3-col  dslc-valign- \" data-size=\"3\" data-valign=\"\">\n\t\t<div id=\"dslc-module-kl6og1d1qmg\" class=\"dslc-module-front dslc-module-DSLC_Text_Simple dslc-in-viewport-check dslc-in-viewport-anim-none  dslc-col dslc-12-col dslc-last-col  dslc-module-handle-like-regular \" data-module-id=\"kl6og1d1qmg\" data-module=\"DSLC_Text_Simple\" data-dslc-module-size=\"12\" data-dslc-anim=\"none\" data-dslc-anim-delay=\"0\" data-dslc-anim-duration=\"650\"  data-dslc-anim-easing=\"ease\" data-dslc-preset=\"none\" >\n\n\t\t\t\n\t\t\t\n\t\t\r\n\t\t<div class=\"dslc-text-module-content\">\r\n\t\t\t<div class=\"contact-address\"><h1>EXTERMINATION DES MILLE ILES<\/h1><p><br>150, rue Bourdages<br> Terrebonne , Qu\u00e9bec <br>J6Y 1Z9<\/p><p>T\u00e9l\u00e9phone.: 450-239-6226<\/p><\/div>\t\t<\/div>\r\n\r\n\t\t\n\t\t\t\t<\/div><!-- .dslc-module -->\n\t\t<\/div><div class=\"dslc-modules-area dslc-col dslc-3-col  dslc-valign- \" data-size=\"3\" data-valign=\"\">\n\t\t<div id=\"dslc-module-drnuhatom18\" class=\"dslc-module-front dslc-module-DSLC_Text_Simple dslc-in-viewport-check dslc-in-viewport-anim-none  dslc-col dslc-12-col dslc-last-col  dslc-module-handle-like-regular \" data-module-id=\"drnuhatom18\" data-module=\"DSLC_Text_Simple\" data-dslc-module-size=\"12\" data-dslc-anim=\"none\" data-dslc-anim-delay=\"0\" data-dslc-anim-duration=\"650\"  data-dslc-anim-easing=\"ease\" data-dslc-preset=\"none\" >\n\n\t\t\t\n\t\t\t\n\t\t\r\n\t\t<div class=\"dslc-text-module-content\">\r\n\t\t\t<div class=\"contact-address\"><div class=\"contact-address\"><h1><span class=\"contact-street\"><strong>EXTERMINATION<br>EXTERCAN<br><\/strong>(Montr\u00e9al)<\/span><\/h1><p>T\u00e9l\u00e9phone : 514 333-0560<\/p><\/div><\/div>\t\t<\/div>\r\n\r\n\t\t\n\t\t\t\t<\/div><!-- .dslc-module -->\n\t\t<\/div><div class=\"dslc-modules-area dslc-col dslc-3-col dslc-last-col dslc-valign- \" data-size=\"3\" data-valign=\"\">\n\t\t<div id=\"dslc-module-tbo2ie99r88\" class=\"dslc-module-front dslc-module-DSLC_Text_Simple dslc-in-viewport-check dslc-in-viewport-anim-none  dslc-col dslc-12-col dslc-last-col  dslc-module-handle-like-regular \" data-module-id=\"tbo2ie99r88\" data-module=\"DSLC_Text_Simple\" data-dslc-module-size=\"12\" data-dslc-anim=\"none\" data-dslc-anim-delay=\"0\" data-dslc-anim-duration=\"650\"  data-dslc-anim-easing=\"ease\" data-dslc-preset=\"none\" >\n\n\t\t\t\n\t\t\t\n\t\t\r\n\t\t<div class=\"dslc-text-module-content\">\r\n\t\t\t<div class=\"contact-address\"><h1 style=\"text-align: center;\"><strong>EXTERMINATION<br>DES<br>MONTS<\/strong><\/h1><p style=\"text-align: center;\">T\u00e9l\u00e9phone: 450 227-0997<br>T\u00e9l\u00e9phone: 819 774-0854<br>Sans frais: 1-888-398-3722<\/p><\/div>\t\t<\/div>\r\n\r\n\t\t\n\t\t\t\t<\/div><!-- .dslc-module -->\n\t\t<\/div><\/div><\/div>\n\t\t<div  class=\"dslc-modules-section \" style=\"margin-bottom:41px;padding-bottom:0px;padding-top:0px;\" data-section-id=\"f665af38e6a\">\n\t\t\t\t\n\t\t\t\t\n\t\t\t\t<div class=\"dslc-modules-section-wrapper dslc-clearfix\"><div class=\"dslc-modules-area dslc-col dslc-12-col dslc-last-col dslc-valign- \" data-size=\"12\" data-valign=\"\">\n\t\t<div id=\"dslc-module-1f880c24257\" class=\"dslc-module-front dslc-module-DSLC_Image dslc-in-viewport-check dslc-in-viewport-anim-none  dslc-col dslc-12-col dslc-last-col  dslc-module-handle-like-regular \" data-module-id=\"1f880c24257\" data-module=\"DSLC_Image\" data-dslc-module-size=\"12\" data-dslc-anim=\"none\" data-dslc-anim-delay=\"0\" data-dslc-anim-duration=\"650\"  data-dslc-anim-easing=\"ease\" data-dslc-preset=\"none\" >\n\n\t\t\t\n\t\t\t\n\t\t\t\t<div class=\"dslc-image-container\">\r\n\t\t<div class=\"dslc-image\">\r\n\r\n\t\t\t\r\n\t\t\t\t\r\n\t\t\t\t\t\t\t\t\t<img src=\"https:\/\/exterminationwestisland.com\/wp-content\/uploads\/2017\/04\/banner_logos.jpg\" alt=\"\" title=\"\" srcset=\"https:\/\/exterminationwestisland.com\/wp-content\/uploads\/2017\/04\/banner_logos.jpg 1170w, https:\/\/exterminationwestisland.com\/wp-content\/uploads\/2017\/04\/banner_logos-680x93.jpg 680w, https:\/\/exterminationwestisland.com\/wp-content\/uploads\/2017\/04\/banner_logos-768x105.jpg 768w, https:\/\/exterminationwestisland.com\/wp-content\/uploads\/2017\/04\/banner_logos-1024x140.jpg 1024w, https:\/\/exterminationwestisland.com\/wp-content\/uploads\/2017\/04\/banner_logos-540x74.jpg 540w\" sizes=\"(max-width: 1170px) 100vw, 1170px\" \/>\r\n\t\t\t\t\r\n\t\t\t\t\t\t\t\t\t<\/div><!-- .dslc-image -->\r\n\t\t<\/div>\r\n\t\t\n\t\t\t\t<\/div><!-- .dslc-module -->\n\t\t<\/div><\/div><\/div><\/div><\/div>","protected":false},"excerpt":{"rendered":"<p>NOUS JOINDREEXTERMINATION\u00a0WEST ISLAND1730 rue CunardSuite 100Laval, Qu\u00e9becH7S 2B2T\u00e9l\u00e9phone : 514\u00a0695-4739Courriel: info@ircae.ca Votre nom (requis) Votre courriel (requis) Sujet Votre message CINQ\u00a0BUREAUX POUR MIEUX VOUS SERVIR! IRCAE &#8211; Institut R\u00e9gional de&nbsp;[&hellip;]<\/p>\n","protected":false},"author":1,"featured_media":0,"parent":0,"menu_order":0,"comment_status":"closed","ping_status":"closed","template":"page-templates\/page_builder.php","meta":{"footnotes":""},"class_list":["post-40","page","type-page","status-publish","hentry","clearfix"],"yoast_head":"<!-- This site is optimized with the Yoast SEO plugin v26.8 - https:\/\/yoast.com\/product\/yoast-seo-wordpress\/ -->\n<title>Extermination West Island - Exterminateur dans l\u2019ouest de l&#039;\u00eele<\/title>\n<meta name=\"description\" content=\"Contactez-nous pour contr\u00f4le antiparasitaire et identification des parasites dans l\u2019ouest de l&#039;\u00eele. Service urgent disponible. (514) 695-4739.\" \/>\n<meta name=\"robots\" content=\"index, follow, max-snippet:-1, max-image-preview:large, max-video-preview:-1\" \/>\n<link rel=\"canonical\" href=\"https:\/\/exterminationwestisland.com\/en\/contact-us\/\" \/>\n<meta property=\"og:locale\" content=\"fr_FR\" \/>\n<meta property=\"og:type\" content=\"article\" \/>\n<meta property=\"og:title\" content=\"Extermination West Island - Exterminateur dans l\u2019ouest de l&#039;\u00eele\" \/>\n<meta property=\"og:description\" content=\"Contactez-nous pour contr\u00f4le antiparasitaire et identification des parasites dans l\u2019ouest de l&#039;\u00eele. Service urgent disponible. (514) 695-4739.\" \/>\n<meta property=\"og:url\" content=\"https:\/\/exterminationwestisland.com\/en\/contact-us\/\" \/>\n<meta property=\"og:site_name\" content=\"Extermination West Island\" \/>\n<meta property=\"article:publisher\" content=\"https:\/\/www.facebook.com\/Extermination-West-Island-185552422039307\/\" \/>\n<meta property=\"article:modified_time\" content=\"2020-05-12T14:06:47+00:00\" \/>\n<meta name=\"twitter:card\" content=\"summary_large_image\" \/>\n<meta name=\"twitter:label1\" content=\"Dur\u00e9e de lecture estim\u00e9e\" \/>\n\t<meta name=\"twitter:data1\" content=\"1 minute\" \/>\n<!-- \/ Yoast SEO plugin. -->","yoast_head_json":{"title":"Extermination West Island - Exterminateur dans l\u2019ouest de l'\u00eele","description":"Contactez-nous pour contr\u00f4le antiparasitaire et identification des parasites dans l\u2019ouest de l'\u00eele. Service urgent disponible. (514) 695-4739.","robots":{"index":"index","follow":"follow","max-snippet":"max-snippet:-1","max-image-preview":"max-image-preview:large","max-video-preview":"max-video-preview:-1"},"canonical":"https:\/\/exterminationwestisland.com\/en\/contact-us\/","og_locale":"fr_FR","og_type":"article","og_title":"Extermination West Island - Exterminateur dans l\u2019ouest de l'\u00eele","og_description":"Contactez-nous pour contr\u00f4le antiparasitaire et identification des parasites dans l\u2019ouest de l'\u00eele. Service urgent disponible. (514) 695-4739.","og_url":"https:\/\/exterminationwestisland.com\/en\/contact-us\/","og_site_name":"Extermination West Island","article_publisher":"https:\/\/www.facebook.com\/Extermination-West-Island-185552422039307\/","article_modified_time":"2020-05-12T14:06:47+00:00","twitter_card":"summary_large_image","twitter_misc":{"Dur\u00e9e de lecture estim\u00e9e":"1 minute"},"schema":{"@context":"https:\/\/schema.org","@graph":[{"@type":"WebPage","@id":"https:\/\/exterminationwestisland.com\/en\/contact-us\/","url":"https:\/\/exterminationwestisland.com\/en\/contact-us\/","name":"Extermination West Island - Exterminateur dans l\u2019ouest de l'\u00eele","isPartOf":{"@id":"https:\/\/exterminationwestisland.com\/en\/#website"},"primaryImageOfPage":{"@id":"https:\/\/exterminationwestisland.com\/en\/contact-us\/#primaryimage"},"image":{"@id":"https:\/\/exterminationwestisland.com\/en\/contact-us\/#primaryimage"},"thumbnailUrl":"https:\/\/exterminationwestisland.com\/wp-content\/uploads\/2017\/04\/banner_8.jpg","datePublished":"2017-04-05T22:05:31+00:00","dateModified":"2020-05-12T14:06:47+00:00","description":"Contactez-nous pour contr\u00f4le antiparasitaire et identification des parasites dans l\u2019ouest de l'\u00eele. Service urgent disponible. (514) 695-4739.","breadcrumb":{"@id":"https:\/\/exterminationwestisland.com\/en\/contact-us\/#breadcrumb"},"inLanguage":"fr-FR","potentialAction":[{"@type":"ReadAction","target":["https:\/\/exterminationwestisland.com\/en\/contact-us\/"]}]},{"@type":"ImageObject","inLanguage":"fr-FR","@id":"https:\/\/exterminationwestisland.com\/en\/contact-us\/#primaryimage","url":"https:\/\/exterminationwestisland.com\/wp-content\/uploads\/2017\/04\/banner_8.jpg","contentUrl":"https:\/\/exterminationwestisland.com\/wp-content\/uploads\/2017\/04\/banner_8.jpg"},{"@type":"BreadcrumbList","@id":"https:\/\/exterminationwestisland.com\/en\/contact-us\/#breadcrumb","itemListElement":[{"@type":"ListItem","position":1,"name":"Home","item":"https:\/\/exterminationwestisland.com\/en\/"},{"@type":"ListItem","position":2,"name":"CONTACT"}]},{"@type":"WebSite","@id":"https:\/\/exterminationwestisland.com\/en\/#website","url":"https:\/\/exterminationwestisland.com\/en\/","name":"Extermination West Island","description":"Services d&#039;Extermination dans la grande r\u00e9gion de l&#039;Ouest de l&#039;\u00eele de Montreal. Probl\u00e8me de Fourmis Charpenti\u00e8re, Souris, et tout autres insectes et vermines","publisher":{"@id":"https:\/\/exterminationwestisland.com\/en\/#organization"},"potentialAction":[{"@type":"SearchAction","target":{"@type":"EntryPoint","urlTemplate":"https:\/\/exterminationwestisland.com\/en\/?s={search_term_string}"},"query-input":{"@type":"PropertyValueSpecification","valueRequired":true,"valueName":"search_term_string"}}],"inLanguage":"fr-FR"},{"@type":"Organization","@id":"https:\/\/exterminationwestisland.com\/en\/#organization","name":"Extermination West Island","url":"https:\/\/exterminationwestisland.com\/en\/","logo":{"@type":"ImageObject","inLanguage":"fr-FR","@id":"https:\/\/exterminationwestisland.com\/en\/#\/schema\/logo\/image\/","url":"https:\/\/exterminationwestisland.com\/wp-content\/uploads\/2017\/04\/extermination_west_island_logoB.jpg","contentUrl":"https:\/\/exterminationwestisland.com\/wp-content\/uploads\/2017\/04\/extermination_west_island_logoB.jpg","width":400,"height":150,"caption":"Extermination West Island"},"image":{"@id":"https:\/\/exterminationwestisland.com\/en\/#\/schema\/logo\/image\/"},"sameAs":["https:\/\/www.facebook.com\/Extermination-West-Island-185552422039307\/","https:\/\/business.facebook.com\/Extermination-West-Island-185552422039307\/?business_id=1010707382373498","https:\/\/www.linkedin.com\/company\/ircae\/"]}]}},"_links":{"self":[{"href":"https:\/\/exterminationwestisland.com\/fr\/wp-json\/wp\/v2\/pages\/40","targetHints":{"allow":["GET"]}}],"collection":[{"href":"https:\/\/exterminationwestisland.com\/fr\/wp-json\/wp\/v2\/pages"}],"about":[{"href":"https:\/\/exterminationwestisland.com\/fr\/wp-json\/wp\/v2\/types\/page"}],"author":[{"embeddable":true,"href":"https:\/\/exterminationwestisland.com\/fr\/wp-json\/wp\/v2\/users\/1"}],"replies":[{"embeddable":true,"href":"https:\/\/exterminationwestisland.com\/fr\/wp-json\/wp\/v2\/comments?post=40"}],"version-history":[{"count":2,"href":"https:\/\/exterminationwestisland.com\/fr\/wp-json\/wp\/v2\/pages\/40\/revisions"}],"predecessor-version":[{"id":132,"href":"https:\/\/exterminationwestisland.com\/fr\/wp-json\/wp\/v2\/pages\/40\/revisions\/132"}],"wp:attachment":[{"href":"https:\/\/exterminationwestisland.com\/fr\/wp-json\/wp\/v2\/media?parent=40"}],"curies":[{"name":"wp","href":"https:\/\/api.w.org\/{rel}","templated":true}]}}