{"id":28,"date":"2017-04-05T18:03:01","date_gmt":"2017-04-05T22:03:01","guid":{"rendered":"http:\/\/exterminationwestisland.com\/?page_id=28\/"},"modified":"2017-04-11T12:26:09","modified_gmt":"2017-04-11T16:26:09","slug":"services-antiparasitaires","status":"publish","type":"page","link":"https:\/\/exterminationwestisland.com\/fr\/services-antiparasitaires\/","title":{"rendered":"SERVICES ANTIPARASITAIRES"},"content":{"rendered":"<div id=\"dslc-content\" class=\"dslc-content dslc-clearfix\"><div id=\"dslc-main\">\n\t\t<div  class=\"dslc-modules-section  dslc-full \" style=\"margin-bottom:41px;padding-bottom:0px;padding-top:0px;\" data-section-id=\"9b388b8b782\">\n\t\t\t\t\n\t\t\t\t\n\t\t\t\t<div class=\"dslc-modules-section-wrapper dslc-clearfix\"><div class=\"dslc-modules-area dslc-col dslc-12-col dslc-last-col dslc-valign- \" data-size=\"12\" data-valign=\"\">\n\t\t<div id=\"dslc-module-f21e29c1102\" class=\"dslc-module-front dslc-module-DSLC_Image dslc-in-viewport-check dslc-in-viewport-anim-none  dslc-col dslc-12-col dslc-last-col  dslc-module-handle-like-regular \" data-module-id=\"f21e29c1102\" data-module=\"DSLC_Image\" data-dslc-module-size=\"12\" data-dslc-anim=\"none\" data-dslc-anim-delay=\"0\" data-dslc-anim-duration=\"650\"  data-dslc-anim-easing=\"ease\" data-dslc-preset=\"none\" >\n\n\t\t\t\n\t\t\t\n\t\t\t\t<div class=\"dslc-image-container\">\r\n\t\t<div class=\"dslc-image\">\r\n\r\n\t\t\t\r\n\t\t\t\t\r\n\t\t\t\t\t\t\t\t\t<img src=\"https:\/\/exterminationwestisland.com\/wp-content\/uploads\/2017\/04\/banner_spider.jpg\" alt=\"\" title=\"\" srcset=\"https:\/\/exterminationwestisland.com\/wp-content\/uploads\/2017\/04\/banner_spider.jpg 1920w, https:\/\/exterminationwestisland.com\/wp-content\/uploads\/2017\/04\/banner_spider-300x47.jpg 300w, https:\/\/exterminationwestisland.com\/wp-content\/uploads\/2017\/04\/banner_spider-768x120.jpg 768w, https:\/\/exterminationwestisland.com\/wp-content\/uploads\/2017\/04\/banner_spider-1024x160.jpg 1024w, https:\/\/exterminationwestisland.com\/wp-content\/uploads\/2017\/04\/banner_spider-680x106.jpg 680w, https:\/\/exterminationwestisland.com\/wp-content\/uploads\/2017\/04\/banner_spider-540x84.jpg 540w\" sizes=\"(max-width: 1920px) 100vw, 1920px\" \/>\r\n\t\t\t\t\r\n\t\t\t\t\t\t\t\t\t<\/div><!-- .dslc-image -->\r\n\t\t<\/div>\r\n\t\t\n\t\t\t\t<\/div><!-- .dslc-module -->\n\t\t<\/div><\/div><\/div>\n\t\t<div  class=\"dslc-modules-section \" style=\"margin-bottom:41px;padding-bottom:0px;padding-top:0px;\" data-section-id=\"9b388b8b782\">\n\t\t\t\t\n\t\t\t\t\n\t\t\t\t<div class=\"dslc-modules-section-wrapper dslc-clearfix\"><div class=\"dslc-modules-area dslc-col dslc-12-col dslc-last-col dslc-valign- \" data-size=\"12\" data-valign=\"\">\n\t\t<div id=\"dslc-module-b92630a820d\" class=\"dslc-module-front dslc-module-DSLC_Text_Simple dslc-in-viewport-check dslc-in-viewport-anim-none  dslc-col dslc-12-col dslc-last-col  dslc-module-handle-like-regular \" data-module-id=\"b92630a820d\" data-module=\"DSLC_Text_Simple\" data-dslc-module-size=\"12\" data-dslc-anim=\"none\" data-dslc-anim-delay=\"\" data-dslc-anim-duration=\"650\"  data-dslc-anim-easing=\"ease\" data-dslc-preset=\"none\" >\n\n\t\t\t\n\t\t\t\n\t\t\r\n\t\t<div class=\"dslc-text-module-content\">\r\n\t\t\t<h1>SERVICES ANTIPARASITAIRES<\/h1><p>Les organismes nuisibles les plus fr\u00e9quents sur le territoire de l'Ouest de l'\u00cele;<\/p><p>\u2022 Fourmis Charpenti\u00e8res<br>\u2022 Fourmis des Pav\u00e9s<br>\u2022 Fourmis Pharaon<br>\u2022 Fourmis des champs<br>\u2022 Araign\u00e9es<br>\u2022 Perces-Oreilles<br>\u2022 Cloportes<br>\u2022 Punaises de lit<br>\u2022 Gu\u00eapes, Tons et Frelons<br>\u2022 Blattes (coquerelles)<br>\u2022 Puces de chat et chien<br>\u2022 Moustiques<br>\u2022 L\u00e9pismes (silverfish)<br>\u2022 Insectes de denr\u00e9es alimentaires<br>\u2022 Insectes de bois<br>\u2022 Souris<br>\u2022 Rats<br>\u2022 Pyralles indiennes et m\u00e9diterran\u00e9ennes<br>\u2022 Mouches domestiques<br>\u2022 Mouches \u00e0 fruits (drosophile)<br>\u2022 Mouches de drains<br>\u2022 Centip\u00e8des et scuttig\u00e8res<\/p><h1>Traitement ext\u00e9rieur saisonnier<\/h1><p>Pour un contr\u00f4le ext\u00e9rieur contre la pr\u00e9sence d'insectes nuisibles, nous avons cr\u00e9\u00e9 un Programme de Contr\u00f4le Antiparasitaire Saisonnier pour r\u00e9duire la pr\u00e9sence d'insectes nuisibles cherchant \u00e0 envahir votre propri\u00e9t\u00e9.<\/p><p>Ce programme consiste \u00e0 trois (3) traitements durant l'\u00e9t\u00e9.<\/p><p>Nous traitons les surfaces ext\u00e9rieures du b\u00e2timent, le p\u00e9rim\u00e8tre au sol ainsi que toutes autres structures de la propri\u00e9t\u00e9 (garage, deck, abri, cabanon).<\/p><p>Des interventions efficaces et s\u00e9curitaires pour le contr\u00f4le d'araign\u00e9es, de perce-oreilles, de fourmi, de cloportes et autres insectes rampants.<\/p><p>D\u00e9but des interventions en mai<\/p><h1>En quoi consiste le Programme exactement;<\/h1><p>\u2022 Vaporisation des surfaces ext\u00e9rieures aux endroits propices \u00e0 l'infestation d'araign\u00e9es \u00e0 l'aide d'\u00e9quipement pressuris\u00e9.<\/p><p>\u2022 Balayage sommaire des fils d'araign\u00e9es au contour des portes, fen\u00eatres, entr\u00e9es et corniches.<\/p><p>\u2022 Utilisation de produits biod\u00e9gradables s\u00e9curitaires pour vous et votre environnement. Les produits ne tachent pas.<\/p><p>\u2022 Traitement de sol, au p\u00e9rim\u00e8tre ext\u00e9rieur (3 m\u00e8tres) avec granulaire naturel.<\/p><p>\u00c0 la suite du 1er traitement, nous retournons pour un deuxi\u00e8me (2e) et troisi\u00e8me (3e) interventions \u00e0 intervalles de 6 \u00e0 8 semaines afin de maintenir la protection tout au long de la saison. \u00a0Avant chaque intervention, un appel de courtoisie est plac\u00e9 pour aviser nos Clients de notre visite et ainsi s'assurer de garder les fen\u00eatres ferm\u00e9es, de d\u00e9barrer les cl\u00f4tures pour l'acc\u00e8s \u00e0 la cour et de garder les animaux domestiques \u00e0 l'int\u00e9rieur.\u00a0<\/p><p>D'autres services saisonniers tels que l'extermination de nid de gu\u00eapes, du contr\u00f4le de moustiques et autres insectes rampants sont offerts moyennant un co\u00fbt suppl\u00e9mentaire.<\/p><p>Il est important de mentionner que tous ajustements n\u00e9cessaires au Programme de Contr\u00f4le Antiparasitaire Saisonnier entre chaque intervention sont inclus. Nous nous ferons un plaisir de retourner et corriger la situation sans frais suppl\u00e9mentaires.<\/p><p><strong>Votre Satisfaction nous tient \u00e0 coeur!<\/strong><\/p>\t\t<\/div>\r\n\r\n\t\t\n\t\t\t\t<\/div><!-- .dslc-module -->\n\t\t<\/div><\/div><\/div>\n\t\t<div  class=\"dslc-modules-section \" style=\"\" data-section-id=\"b48483863a2\">\n\t\t\t\t\n\t\t\t\t\n\t\t\t\t<div class=\"dslc-modules-section-wrapper dslc-clearfix\"><div class=\"dslc-modules-area dslc-col dslc-12-col dslc-last-col dslc-valign- \" data-size=\"12\" data-valign=\"\">\n\t\t<div id=\"dslc-module-a17b738ef4e\" class=\"dslc-module-front dslc-module-DSLC_Text_Simple dslc-in-viewport-check dslc-in-viewport-anim-none  dslc-col dslc-12-col dslc-last-col  dslc-module-handle-like-regular \" data-module-id=\"a17b738ef4e\" data-module=\"DSLC_Text_Simple\" data-dslc-module-size=\"12\" data-dslc-anim=\"none\" data-dslc-anim-delay=\"0\" data-dslc-anim-duration=\"650\"  data-dslc-anim-easing=\"ease\" data-dslc-preset=\"none\" >\n\n\t\t\t\n\t\t\t\n\t\t\r\n\t\t<div class=\"dslc-text-module-content\">\r\n\t\t\t<h1 style=\"text-align: center;\">SUCCURSALES<\/h1>\t\t<\/div>\r\n\r\n\t\t\n\t\t\t\t<\/div><!-- .dslc-module -->\n\t\t\n\t\t<div id=\"dslc-module-cf967a30966\" class=\"dslc-module-front dslc-module-DSLC_Image dslc-in-viewport-check dslc-in-viewport-anim-none  dslc-col dslc-12-col dslc-last-col  dslc-module-handle-like-regular \" data-module-id=\"cf967a30966\" data-module=\"DSLC_Image\" data-dslc-module-size=\"12\" data-dslc-anim=\"none\" data-dslc-anim-delay=\"0\" data-dslc-anim-duration=\"650\"  data-dslc-anim-easing=\"ease\" data-dslc-preset=\"none\" >\n\n\t\t\t\n\t\t\t\n\t\t\t\t<div class=\"dslc-image-container\">\r\n\t\t<div class=\"dslc-image\">\r\n\r\n\t\t\t\r\n\t\t\t\t\r\n\t\t\t\t\t\t\t\t\t<img src=\"https:\/\/exterminationwestisland.com\/wp-content\/uploads\/2017\/04\/banner_logos.jpg\" alt=\"\" title=\"\" srcset=\"https:\/\/exterminationwestisland.com\/wp-content\/uploads\/2017\/04\/banner_logos.jpg 1170w, https:\/\/exterminationwestisland.com\/wp-content\/uploads\/2017\/04\/banner_logos-680x93.jpg 680w, https:\/\/exterminationwestisland.com\/wp-content\/uploads\/2017\/04\/banner_logos-768x105.jpg 768w, https:\/\/exterminationwestisland.com\/wp-content\/uploads\/2017\/04\/banner_logos-1024x140.jpg 1024w, https:\/\/exterminationwestisland.com\/wp-content\/uploads\/2017\/04\/banner_logos-540x74.jpg 540w\" sizes=\"(max-width: 1170px) 100vw, 1170px\" \/>\r\n\t\t\t\t\r\n\t\t\t\t\t\t\t\t\t<\/div><!-- .dslc-image -->\r\n\t\t<\/div>\r\n\t\t\n\t\t\t\t<\/div><!-- .dslc-module -->\n\t\t<\/div><\/div><\/div><\/div><\/div>","protected":false},"excerpt":{"rendered":"<p>SERVICES ANTIPARASITAIRESLes organismes nuisibles les plus fr\u00e9quents sur le territoire de l&#8217;Ouest de l&#8217;\u00cele;\u2022 Fourmis Charpenti\u00e8res\u2022 Fourmis des Pav\u00e9s\u2022 Fourmis Pharaon\u2022 Fourmis des champs\u2022 Araign\u00e9es\u2022 Perces-Oreilles\u2022 Cloportes\u2022 Punaises de lit\u2022&nbsp;[&hellip;]<\/p>\n","protected":false},"author":1,"featured_media":0,"parent":0,"menu_order":0,"comment_status":"closed","ping_status":"closed","template":"page-templates\/page_builder.php","meta":{"footnotes":""},"class_list":["post-28","page","type-page","status-publish","hentry","clearfix"],"yoast_head":"<!-- This site is optimized with the Yoast SEO plugin v26.8 - https:\/\/yoast.com\/product\/yoast-seo-wordpress\/ -->\n<title>SERVICES ANTIPARASITAIRES - Extermination West Island<\/title>\n<meta name=\"robots\" content=\"index, follow, max-snippet:-1, max-image-preview:large, max-video-preview:-1\" \/>\n<link rel=\"canonical\" href=\"https:\/\/exterminationwestisland.com\/en\/pest-control-services\/\" \/>\n<meta property=\"og:locale\" content=\"fr_FR\" \/>\n<meta property=\"og:type\" content=\"article\" \/>\n<meta property=\"og:title\" content=\"SERVICES ANTIPARASITAIRES - Extermination West Island\" \/>\n<meta property=\"og:description\" content=\"SERVICES ANTIPARASITAIRESLes organismes nuisibles les plus fr\u00e9quents sur le territoire de l&#039;Ouest de l&#039;\u00cele;\u2022 Fourmis Charpenti\u00e8res\u2022 Fourmis des Pav\u00e9s\u2022 Fourmis Pharaon\u2022 Fourmis des champs\u2022 Araign\u00e9es\u2022 Perces-Oreilles\u2022 Cloportes\u2022 Punaises de lit\u2022&nbsp;[&hellip;]\" \/>\n<meta property=\"og:url\" content=\"https:\/\/exterminationwestisland.com\/en\/pest-control-services\/\" \/>\n<meta property=\"og:site_name\" content=\"Extermination West Island\" \/>\n<meta property=\"article:publisher\" content=\"https:\/\/www.facebook.com\/Extermination-West-Island-185552422039307\/\" \/>\n<meta property=\"article:modified_time\" content=\"2017-04-11T16:26:09+00:00\" \/>\n<meta name=\"twitter:card\" content=\"summary_large_image\" \/>\n<meta name=\"twitter:label1\" content=\"Dur\u00e9e de lecture estim\u00e9e\" \/>\n\t<meta name=\"twitter:data1\" content=\"2 minutes\" \/>\n<!-- \/ Yoast SEO plugin. -->","yoast_head_json":{"title":"SERVICES ANTIPARASITAIRES - Extermination West Island","robots":{"index":"index","follow":"follow","max-snippet":"max-snippet:-1","max-image-preview":"max-image-preview:large","max-video-preview":"max-video-preview:-1"},"canonical":"https:\/\/exterminationwestisland.com\/en\/pest-control-services\/","og_locale":"fr_FR","og_type":"article","og_title":"SERVICES ANTIPARASITAIRES - Extermination West Island","og_description":"SERVICES ANTIPARASITAIRESLes organismes nuisibles les plus fr\u00e9quents sur le territoire de l'Ouest de l'\u00cele;\u2022 Fourmis Charpenti\u00e8res\u2022 Fourmis des Pav\u00e9s\u2022 Fourmis Pharaon\u2022 Fourmis des champs\u2022 Araign\u00e9es\u2022 Perces-Oreilles\u2022 Cloportes\u2022 Punaises de lit\u2022&nbsp;[&hellip;]","og_url":"https:\/\/exterminationwestisland.com\/en\/pest-control-services\/","og_site_name":"Extermination West Island","article_publisher":"https:\/\/www.facebook.com\/Extermination-West-Island-185552422039307\/","article_modified_time":"2017-04-11T16:26:09+00:00","twitter_card":"summary_large_image","twitter_misc":{"Dur\u00e9e de lecture estim\u00e9e":"2 minutes"},"schema":{"@context":"https:\/\/schema.org","@graph":[{"@type":"WebPage","@id":"https:\/\/exterminationwestisland.com\/en\/pest-control-services\/","url":"https:\/\/exterminationwestisland.com\/en\/pest-control-services\/","name":"SERVICES ANTIPARASITAIRES - Extermination West Island","isPartOf":{"@id":"https:\/\/exterminationwestisland.com\/en\/#website"},"primaryImageOfPage":{"@id":"https:\/\/exterminationwestisland.com\/en\/pest-control-services\/#primaryimage"},"image":{"@id":"https:\/\/exterminationwestisland.com\/en\/pest-control-services\/#primaryimage"},"thumbnailUrl":"https:\/\/exterminationwestisland.com\/wp-content\/uploads\/2017\/04\/banner_spider.jpg","datePublished":"2017-04-05T22:03:01+00:00","dateModified":"2017-04-11T16:26:09+00:00","breadcrumb":{"@id":"https:\/\/exterminationwestisland.com\/en\/pest-control-services\/#breadcrumb"},"inLanguage":"fr-FR","potentialAction":[{"@type":"ReadAction","target":["https:\/\/exterminationwestisland.com\/en\/pest-control-services\/"]}]},{"@type":"ImageObject","inLanguage":"fr-FR","@id":"https:\/\/exterminationwestisland.com\/en\/pest-control-services\/#primaryimage","url":"https:\/\/exterminationwestisland.com\/wp-content\/uploads\/2017\/04\/banner_spider.jpg","contentUrl":"https:\/\/exterminationwestisland.com\/wp-content\/uploads\/2017\/04\/banner_spider.jpg"},{"@type":"BreadcrumbList","@id":"https:\/\/exterminationwestisland.com\/en\/pest-control-services\/#breadcrumb","itemListElement":[{"@type":"ListItem","position":1,"name":"Home","item":"https:\/\/exterminationwestisland.com\/en\/"},{"@type":"ListItem","position":2,"name":"SERVICES ANTIPARASITAIRES"}]},{"@type":"WebSite","@id":"https:\/\/exterminationwestisland.com\/en\/#website","url":"https:\/\/exterminationwestisland.com\/en\/","name":"Extermination West Island","description":"Services d&#039;Extermination dans la grande r\u00e9gion de l&#039;Ouest de l&#039;\u00eele de Montreal. Probl\u00e8me de Fourmis Charpenti\u00e8re, Souris, et tout autres insectes et vermines","publisher":{"@id":"https:\/\/exterminationwestisland.com\/en\/#organization"},"potentialAction":[{"@type":"SearchAction","target":{"@type":"EntryPoint","urlTemplate":"https:\/\/exterminationwestisland.com\/en\/?s={search_term_string}"},"query-input":{"@type":"PropertyValueSpecification","valueRequired":true,"valueName":"search_term_string"}}],"inLanguage":"fr-FR"},{"@type":"Organization","@id":"https:\/\/exterminationwestisland.com\/en\/#organization","name":"Extermination West Island","url":"https:\/\/exterminationwestisland.com\/en\/","logo":{"@type":"ImageObject","inLanguage":"fr-FR","@id":"https:\/\/exterminationwestisland.com\/en\/#\/schema\/logo\/image\/","url":"https:\/\/exterminationwestisland.com\/wp-content\/uploads\/2017\/04\/extermination_west_island_logoB.jpg","contentUrl":"https:\/\/exterminationwestisland.com\/wp-content\/uploads\/2017\/04\/extermination_west_island_logoB.jpg","width":400,"height":150,"caption":"Extermination West Island"},"image":{"@id":"https:\/\/exterminationwestisland.com\/en\/#\/schema\/logo\/image\/"},"sameAs":["https:\/\/www.facebook.com\/Extermination-West-Island-185552422039307\/","https:\/\/business.facebook.com\/Extermination-West-Island-185552422039307\/?business_id=1010707382373498","https:\/\/www.linkedin.com\/company\/ircae\/"]}]}},"_links":{"self":[{"href":"https:\/\/exterminationwestisland.com\/fr\/wp-json\/wp\/v2\/pages\/28","targetHints":{"allow":["GET"]}}],"collection":[{"href":"https:\/\/exterminationwestisland.com\/fr\/wp-json\/wp\/v2\/pages"}],"about":[{"href":"https:\/\/exterminationwestisland.com\/fr\/wp-json\/wp\/v2\/types\/page"}],"author":[{"embeddable":true,"href":"https:\/\/exterminationwestisland.com\/fr\/wp-json\/wp\/v2\/users\/1"}],"replies":[{"embeddable":true,"href":"https:\/\/exterminationwestisland.com\/fr\/wp-json\/wp\/v2\/comments?post=28"}],"version-history":[{"count":1,"href":"https:\/\/exterminationwestisland.com\/fr\/wp-json\/wp\/v2\/pages\/28\/revisions"}],"predecessor-version":[{"id":29,"href":"https:\/\/exterminationwestisland.com\/fr\/wp-json\/wp\/v2\/pages\/28\/revisions\/29"}],"wp:attachment":[{"href":"https:\/\/exterminationwestisland.com\/fr\/wp-json\/wp\/v2\/media?parent=28"}],"curies":[{"name":"wp","href":"https:\/\/api.w.org\/{rel}","templated":true}]}}