{"id":24,"date":"2017-04-05T18:02:08","date_gmt":"2017-04-05T22:02:08","guid":{"rendered":"http:\/\/exterminationwestisland.com\/?page_id=24\/"},"modified":"2017-04-11T12:24:42","modified_gmt":"2017-04-11T16:24:42","slug":"profil","status":"publish","type":"page","link":"https:\/\/exterminationwestisland.com\/fr\/profil\/","title":{"rendered":"PROFIL"},"content":{"rendered":"<div id=\"dslc-content\" class=\"dslc-content dslc-clearfix\"><div id=\"dslc-main\">\n\t\t<div  class=\"dslc-modules-section  dslc-full \" style=\"margin-bottom:41px;padding-bottom:0px;padding-top:0px;\" data-section-id=\"9b388b8b782\">\n\t\t\t\t\n\t\t\t\t\n\t\t\t\t<div class=\"dslc-modules-section-wrapper dslc-clearfix\"><div class=\"dslc-modules-area dslc-col dslc-12-col dslc-last-col dslc-valign- \" data-size=\"12\" data-valign=\"\">\n\t\t<div id=\"dslc-module-c671a29cae9\" class=\"dslc-module-front dslc-module-DSLC_Image dslc-in-viewport-check dslc-in-viewport-anim-none  dslc-col dslc-12-col dslc-last-col  dslc-module-handle-like-regular \" data-module-id=\"c671a29cae9\" data-module=\"DSLC_Image\" data-dslc-module-size=\"12\" data-dslc-anim=\"none\" data-dslc-anim-delay=\"\" data-dslc-anim-duration=\"650\"  data-dslc-anim-easing=\"ease\" data-dslc-preset=\"none\" >\n\n\t\t\t\n\t\t\t\n\t\t\t\t<div class=\"dslc-image-container\">\r\n\t\t<div class=\"dslc-image\">\r\n\r\n\t\t\t\r\n\t\t\t\t\r\n\t\t\t\t\t\t\t\t\t<img src=\"https:\/\/exterminationwestisland.com\/wp-content\/uploads\/2019\/08\/banner_1BB.jpg\" alt=\"\" title=\"\" srcset=\"https:\/\/exterminationwestisland.com\/wp-content\/uploads\/2019\/08\/banner_1BB.jpg 1920w, https:\/\/exterminationwestisland.com\/wp-content\/uploads\/2019\/08\/banner_1BB-680x106.jpg 680w, https:\/\/exterminationwestisland.com\/wp-content\/uploads\/2019\/08\/banner_1BB-768x120.jpg 768w, https:\/\/exterminationwestisland.com\/wp-content\/uploads\/2019\/08\/banner_1BB-1024x160.jpg 1024w, https:\/\/exterminationwestisland.com\/wp-content\/uploads\/2019\/08\/banner_1BB-540x84.jpg 540w\" sizes=\"(max-width: 1920px) 100vw, 1920px\" \/>\r\n\t\t\t\t\r\n\t\t\t\t\t\t\t\t\t<\/div><!-- .dslc-image -->\r\n\t\t<\/div>\r\n\t\t\n\t\t\t\t<\/div><!-- .dslc-module -->\n\t\t<\/div><\/div><\/div>\n\t\t<div  class=\"dslc-modules-section \" style=\"margin-bottom:41px;padding-bottom:0px;padding-top:0px;\" data-section-id=\"9b388b8b782\">\n\t\t\t\t\n\t\t\t\t\n\t\t\t\t<div class=\"dslc-modules-section-wrapper dslc-clearfix\"><div class=\"dslc-modules-area dslc-col dslc-12-col dslc-last-col dslc-valign- \" data-size=\"12\" data-valign=\"\">\n\t\t<div id=\"dslc-module-f06c8e5e1e4\" class=\"dslc-module-front dslc-module-DSLC_Text_Simple dslc-in-viewport-check dslc-in-viewport-anim-none  dslc-col dslc-12-col dslc-last-col  dslc-module-handle-like-regular \" data-module-id=\"f06c8e5e1e4\" data-module=\"DSLC_Text_Simple\" data-dslc-module-size=\"12\" data-dslc-anim=\"none\" data-dslc-anim-delay=\"\" data-dslc-anim-duration=\"650\"  data-dslc-anim-easing=\"ease\" data-dslc-preset=\"none\" >\n\n\t\t\t\n\t\t\t\n\t\t\r\n\t\t<div class=\"dslc-text-module-content\">\r\n\t\t\t<h1>PROFIL<\/h1><p>Fond\u00e9e en 1989, la Compagnie d'Extermination West Island s'est b\u00e2tie une solide r\u00e9putation aupr\u00e8s de la communaut\u00e9 de l'Ouest de l'\u00eele de Montr\u00e9al.<\/p><p>Comptant par milliers les interventions antiparasitaires ex\u00e9cut\u00e9es sur son territoire, l'entreprise se distingue par un service personnalis\u00e9 aupr\u00e8s d'une client\u00e8le \u00e9tablie et fid\u00e8le.<\/p><p>La connaissance du milieu et l'exp\u00e9rience du terrain sont des \u00e9l\u00e9ments d\u00e9terminants qui contribuent jour apr\u00e8s jour \u00e0 son succ\u00e8s toujours grandissant.<\/p><p>Au gr\u00e9 des ann\u00e9es, voici une liste de \u00abClients locaux\u00bb ayant fait affaires avec l'entreprise.<\/p><h1>Du domaine Priv\u00e9 et Public<\/h1><p>\u2022 Vaste Client\u00e8le r\u00e9sidentielle<br>\u2022 Banques et Caisses Populaires du West Island<br>\u2022 Les Villes de Baie d'Urf\u00e9, Beaconsfield, Dorval, Hudson, Kirkland, Lachine, Pierrefonds, \u2022 Pointe-Claire, Roxboro, Ste-Anne-de-Bellevue, Senneville et Vaudreuil.<br>\u2022 Centres et Organismes Communautaires<br>\u2022 Centres de la petite enfance (CPE)<br>\u2022 Centres Commerciaux et boutiques de tous les secteurs<br>\u2022 Centres Hospitaliers et Centres d'H\u00e9bergements longue dur\u00e9e<br>\u2022 Divers organismes municipaux et communautaires<br>\u2022 De nombreux restaurateurs partout sur territoire<br>\u2022 Entreprises de Transformations Alimentaires<br>\u2022 Entreprises Manufacturi\u00e8res<br>\u2022 Entreprises d'Entreposages<br>\u2022 Fermes et sites d'\u00e9levage<br>\u2022 Gestions Immobili\u00e8res et Coop\u00e9ratives d'Habitations<br>\u2022 Hydro-Qu\u00e9bec<br>\u2022 Industrie ferroviaire (CN)<br>\u2022 Industrie Pharmaceutique<br>\u2022 Industrie de Haute technologie<br>\u2022 Industrie du Transport et D\u00e9m\u00e9nagement<br>\u2022 Offices Municipales d'Habitation (OMH)<br>\u2022 Parcs R\u00e9gionaux (QC )<br>\u2022 Terrains de Golf<\/p><h1><br>Notre Personnel<\/h1><p>Le personnel d'Extermination West Island est form\u00e9 et anim\u00e9 d'une volont\u00e9 d'aider une Client\u00e8le parfois d\u00e9pourvue et inqui\u00e8te. Son soutien technique est d\u00e8s plus professionnelle, comp\u00e9tent et \u00e0 l'\u00e9coute du Client. Tous les techniciens sont exp\u00e9riment\u00e9s et certifi\u00e9s du Minist\u00e8re du D\u00e9veloppement Durable et de l'Environnement. Le personnel est assujetti \u00e0 un entra\u00eenement sp\u00e9cialis\u00e9 et adh\u00e8re \u00e0 une formation continue.<\/p><h1>Votre S\u00e9curit\u00e9<\/h1><p>Pour la s\u00e9curit\u00e9 de votre famille ou de votre personnel, le respect de votre Environnement, une approche professionnelle et des solutions antiparasitaires durables r\u00e9pondant \u00e0 vos attentes, consultez la Compagnie d'Extermination West Island, une entreprise locale en affaires depuis pr\u00e8s de 25 ans!<\/p>\t\t<\/div>\r\n\r\n\t\t\n\t\t\t\t<\/div><!-- .dslc-module -->\n\t\t<\/div><\/div><\/div>\n\t\t<div  class=\"dslc-modules-section \" style=\"margin-bottom:41px;padding-bottom:0px;padding-top:0px;\" data-section-id=\"9b388b8b782\">\n\t\t\t\t\n\t\t\t\t\n\t\t\t\t<div class=\"dslc-modules-section-wrapper dslc-clearfix\"><div class=\"dslc-modules-area dslc-col dslc-12-col dslc-last-col dslc-valign- \" data-size=\"12\" data-valign=\"\">\n\t\t<div id=\"dslc-module-413f5e19ad4\" class=\"dslc-module-front dslc-module-DSLC_Image dslc-in-viewport-check dslc-in-viewport-anim-none  dslc-col dslc-12-col dslc-last-col  dslc-module-handle-like-regular \" data-module-id=\"413f5e19ad4\" data-module=\"DSLC_Image\" data-dslc-module-size=\"12\" data-dslc-anim=\"none\" data-dslc-anim-delay=\"0\" data-dslc-anim-duration=\"650\"  data-dslc-anim-easing=\"ease\" data-dslc-preset=\"none\" >\n\n\t\t\t\n\t\t\t\n\t\t\t\t<div class=\"dslc-image-container\">\r\n\t\t<div class=\"dslc-image\">\r\n\r\n\t\t\t\r\n\t\t\t\t\r\n\t\t\t\t\t\t\t\t\t<img src=\"https:\/\/exterminationwestisland.com\/wp-content\/uploads\/2017\/04\/accreditations.jpg\" alt=\"\" title=\"\" srcset=\"https:\/\/exterminationwestisland.com\/wp-content\/uploads\/2017\/04\/accreditations.jpg 917w, https:\/\/exterminationwestisland.com\/wp-content\/uploads\/2017\/04\/accreditations-300x52.jpg 300w, https:\/\/exterminationwestisland.com\/wp-content\/uploads\/2017\/04\/accreditations-768x134.jpg 768w, https:\/\/exterminationwestisland.com\/wp-content\/uploads\/2017\/04\/accreditations-680x119.jpg 680w, https:\/\/exterminationwestisland.com\/wp-content\/uploads\/2017\/04\/accreditations-540x94.jpg 540w\" sizes=\"(max-width: 917px) 100vw, 917px\" \/>\r\n\t\t\t\t\r\n\t\t\t\t\t\t\t\t\t<\/div><!-- .dslc-image -->\r\n\t\t<\/div>\r\n\t\t\n\t\t\t\t<\/div><!-- .dslc-module -->\n\t\t<\/div><\/div><\/div>\n\t\t<div  class=\"dslc-modules-section \" style=\"\" data-section-id=\"b48483863a2\">\n\t\t\t\t\n\t\t\t\t\n\t\t\t\t<div class=\"dslc-modules-section-wrapper dslc-clearfix\"><div class=\"dslc-modules-area dslc-col dslc-12-col dslc-last-col dslc-valign- \" data-size=\"12\" data-valign=\"\">\n\t\t<div id=\"dslc-module-45ab697e5e8\" class=\"dslc-module-front dslc-module-DSLC_Text_Simple dslc-in-viewport-check dslc-in-viewport-anim-none  dslc-col dslc-12-col dslc-last-col  dslc-module-handle-like-regular \" data-module-id=\"45ab697e5e8\" data-module=\"DSLC_Text_Simple\" data-dslc-module-size=\"12\" data-dslc-anim=\"none\" data-dslc-anim-delay=\"0\" data-dslc-anim-duration=\"650\"  data-dslc-anim-easing=\"ease\" data-dslc-preset=\"none\" >\n\n\t\t\t\n\t\t\t\n\t\t\r\n\t\t<div class=\"dslc-text-module-content\">\r\n\t\t\t<h1 style=\"text-align: center;\">SUCCURSALES<\/h1>\t\t<\/div>\r\n\r\n\t\t\n\t\t\t\t<\/div><!-- .dslc-module -->\n\t\t\n\t\t<div id=\"dslc-module-qq9fjqessko\" class=\"dslc-module-front dslc-module-DSLC_Image dslc-in-viewport-check dslc-in-viewport-anim-none  dslc-col dslc-12-col dslc-last-col  dslc-module-handle-like-regular \" data-module-id=\"qq9fjqessko\" data-module=\"DSLC_Image\" data-dslc-module-size=\"12\" data-dslc-anim=\"none\" data-dslc-anim-delay=\"0\" data-dslc-anim-duration=\"650\"  data-dslc-anim-easing=\"ease\" data-dslc-preset=\"none\" >\n\n\t\t\t\n\t\t\t\n\t\t\t\t<div class=\"dslc-image-container\">\r\n\t\t<div class=\"dslc-image\">\r\n\r\n\t\t\t\r\n\t\t\t\t\r\n\t\t\t\t\t\t\t\t\t<img src=\"https:\/\/exterminationwestisland.com\/wp-content\/uploads\/2017\/04\/banner_logos.jpg\" alt=\"\" title=\"\" srcset=\"https:\/\/exterminationwestisland.com\/wp-content\/uploads\/2017\/04\/banner_logos.jpg 1170w, https:\/\/exterminationwestisland.com\/wp-content\/uploads\/2017\/04\/banner_logos-680x93.jpg 680w, https:\/\/exterminationwestisland.com\/wp-content\/uploads\/2017\/04\/banner_logos-768x105.jpg 768w, https:\/\/exterminationwestisland.com\/wp-content\/uploads\/2017\/04\/banner_logos-1024x140.jpg 1024w, https:\/\/exterminationwestisland.com\/wp-content\/uploads\/2017\/04\/banner_logos-540x74.jpg 540w\" sizes=\"(max-width: 1170px) 100vw, 1170px\" \/>\r\n\t\t\t\t\r\n\t\t\t\t\t\t\t\t\t<\/div><!-- .dslc-image -->\r\n\t\t<\/div>\r\n\t\t\n\t\t\t\t<\/div><!-- .dslc-module -->\n\t\t<\/div><\/div><\/div><\/div><\/div>","protected":false},"excerpt":{"rendered":"<p>PROFILFond\u00e9e en 1989, la Compagnie d&#8217;Extermination West Island s&#8217;est b\u00e2tie une solide r\u00e9putation aupr\u00e8s de la communaut\u00e9 de l&#8217;Ouest de l&#8217;\u00eele de Montr\u00e9al.Comptant par milliers les interventions antiparasitaires ex\u00e9cut\u00e9es sur&nbsp;[&hellip;]<\/p>\n","protected":false},"author":1,"featured_media":0,"parent":0,"menu_order":0,"comment_status":"closed","ping_status":"closed","template":"page-templates\/page_builder.php","meta":{"footnotes":""},"class_list":["post-24","page","type-page","status-publish","hentry","clearfix"],"yoast_head":"<!-- This site is optimized with the Yoast SEO plugin v26.8 - https:\/\/yoast.com\/product\/yoast-seo-wordpress\/ -->\n<title>PROFIL - Extermination West Island<\/title>\n<meta name=\"robots\" content=\"index, follow, max-snippet:-1, max-image-preview:large, max-video-preview:-1\" \/>\n<link rel=\"canonical\" href=\"https:\/\/exterminationwestisland.com\/en\/profile\/\" \/>\n<meta property=\"og:locale\" content=\"fr_FR\" \/>\n<meta property=\"og:type\" content=\"article\" \/>\n<meta property=\"og:title\" content=\"PROFIL - Extermination West Island\" \/>\n<meta property=\"og:description\" content=\"PROFILFond\u00e9e en 1989, la Compagnie d&#039;Extermination West Island s&#039;est b\u00e2tie une solide r\u00e9putation aupr\u00e8s de la communaut\u00e9 de l&#039;Ouest de l&#039;\u00eele de Montr\u00e9al.Comptant par milliers les interventions antiparasitaires ex\u00e9cut\u00e9es sur&nbsp;[&hellip;]\" \/>\n<meta property=\"og:url\" content=\"https:\/\/exterminationwestisland.com\/en\/profile\/\" \/>\n<meta property=\"og:site_name\" content=\"Extermination West Island\" \/>\n<meta property=\"article:publisher\" content=\"https:\/\/www.facebook.com\/Extermination-West-Island-185552422039307\/\" \/>\n<meta property=\"article:modified_time\" content=\"2017-04-11T16:24:42+00:00\" \/>\n<meta name=\"twitter:card\" content=\"summary_large_image\" \/>\n<meta name=\"twitter:label1\" content=\"Dur\u00e9e de lecture estim\u00e9e\" \/>\n\t<meta name=\"twitter:data1\" content=\"2 minutes\" \/>\n<!-- \/ Yoast SEO plugin. -->","yoast_head_json":{"title":"PROFIL - Extermination West Island","robots":{"index":"index","follow":"follow","max-snippet":"max-snippet:-1","max-image-preview":"max-image-preview:large","max-video-preview":"max-video-preview:-1"},"canonical":"https:\/\/exterminationwestisland.com\/en\/profile\/","og_locale":"fr_FR","og_type":"article","og_title":"PROFIL - Extermination West Island","og_description":"PROFILFond\u00e9e en 1989, la Compagnie d'Extermination West Island s'est b\u00e2tie une solide r\u00e9putation aupr\u00e8s de la communaut\u00e9 de l'Ouest de l'\u00eele de Montr\u00e9al.Comptant par milliers les interventions antiparasitaires ex\u00e9cut\u00e9es sur&nbsp;[&hellip;]","og_url":"https:\/\/exterminationwestisland.com\/en\/profile\/","og_site_name":"Extermination West Island","article_publisher":"https:\/\/www.facebook.com\/Extermination-West-Island-185552422039307\/","article_modified_time":"2017-04-11T16:24:42+00:00","twitter_card":"summary_large_image","twitter_misc":{"Dur\u00e9e de lecture estim\u00e9e":"2 minutes"},"schema":{"@context":"https:\/\/schema.org","@graph":[{"@type":"WebPage","@id":"https:\/\/exterminationwestisland.com\/en\/profile\/","url":"https:\/\/exterminationwestisland.com\/en\/profile\/","name":"PROFIL - Extermination West Island","isPartOf":{"@id":"https:\/\/exterminationwestisland.com\/en\/#website"},"primaryImageOfPage":{"@id":"https:\/\/exterminationwestisland.com\/en\/profile\/#primaryimage"},"image":{"@id":"https:\/\/exterminationwestisland.com\/en\/profile\/#primaryimage"},"thumbnailUrl":"https:\/\/exterminationwestisland.com\/wp-content\/uploads\/2019\/08\/banner_1BB.jpg","datePublished":"2017-04-05T22:02:08+00:00","dateModified":"2017-04-11T16:24:42+00:00","breadcrumb":{"@id":"https:\/\/exterminationwestisland.com\/en\/profile\/#breadcrumb"},"inLanguage":"fr-FR","potentialAction":[{"@type":"ReadAction","target":["https:\/\/exterminationwestisland.com\/en\/profile\/"]}]},{"@type":"ImageObject","inLanguage":"fr-FR","@id":"https:\/\/exterminationwestisland.com\/en\/profile\/#primaryimage","url":"https:\/\/exterminationwestisland.com\/wp-content\/uploads\/2019\/08\/banner_1BB.jpg","contentUrl":"https:\/\/exterminationwestisland.com\/wp-content\/uploads\/2019\/08\/banner_1BB.jpg"},{"@type":"BreadcrumbList","@id":"https:\/\/exterminationwestisland.com\/en\/profile\/#breadcrumb","itemListElement":[{"@type":"ListItem","position":1,"name":"Home","item":"https:\/\/exterminationwestisland.com\/en\/"},{"@type":"ListItem","position":2,"name":"PROFIL"}]},{"@type":"WebSite","@id":"https:\/\/exterminationwestisland.com\/en\/#website","url":"https:\/\/exterminationwestisland.com\/en\/","name":"Extermination West Island","description":"Services d&#039;Extermination dans la grande r\u00e9gion de l&#039;Ouest de l&#039;\u00eele de Montreal. Probl\u00e8me de Fourmis Charpenti\u00e8re, Souris, et tout autres insectes et vermines","publisher":{"@id":"https:\/\/exterminationwestisland.com\/en\/#organization"},"potentialAction":[{"@type":"SearchAction","target":{"@type":"EntryPoint","urlTemplate":"https:\/\/exterminationwestisland.com\/en\/?s={search_term_string}"},"query-input":{"@type":"PropertyValueSpecification","valueRequired":true,"valueName":"search_term_string"}}],"inLanguage":"fr-FR"},{"@type":"Organization","@id":"https:\/\/exterminationwestisland.com\/en\/#organization","name":"Extermination West Island","url":"https:\/\/exterminationwestisland.com\/en\/","logo":{"@type":"ImageObject","inLanguage":"fr-FR","@id":"https:\/\/exterminationwestisland.com\/en\/#\/schema\/logo\/image\/","url":"https:\/\/exterminationwestisland.com\/wp-content\/uploads\/2017\/04\/extermination_west_island_logoB.jpg","contentUrl":"https:\/\/exterminationwestisland.com\/wp-content\/uploads\/2017\/04\/extermination_west_island_logoB.jpg","width":400,"height":150,"caption":"Extermination West Island"},"image":{"@id":"https:\/\/exterminationwestisland.com\/en\/#\/schema\/logo\/image\/"},"sameAs":["https:\/\/www.facebook.com\/Extermination-West-Island-185552422039307\/","https:\/\/business.facebook.com\/Extermination-West-Island-185552422039307\/?business_id=1010707382373498","https:\/\/www.linkedin.com\/company\/ircae\/"]}]}},"_links":{"self":[{"href":"https:\/\/exterminationwestisland.com\/fr\/wp-json\/wp\/v2\/pages\/24","targetHints":{"allow":["GET"]}}],"collection":[{"href":"https:\/\/exterminationwestisland.com\/fr\/wp-json\/wp\/v2\/pages"}],"about":[{"href":"https:\/\/exterminationwestisland.com\/fr\/wp-json\/wp\/v2\/types\/page"}],"author":[{"embeddable":true,"href":"https:\/\/exterminationwestisland.com\/fr\/wp-json\/wp\/v2\/users\/1"}],"replies":[{"embeddable":true,"href":"https:\/\/exterminationwestisland.com\/fr\/wp-json\/wp\/v2\/comments?post=24"}],"version-history":[{"count":1,"href":"https:\/\/exterminationwestisland.com\/fr\/wp-json\/wp\/v2\/pages\/24\/revisions"}],"predecessor-version":[{"id":25,"href":"https:\/\/exterminationwestisland.com\/fr\/wp-json\/wp\/v2\/pages\/24\/revisions\/25"}],"wp:attachment":[{"href":"https:\/\/exterminationwestisland.com\/fr\/wp-json\/wp\/v2\/media?parent=24"}],"curies":[{"name":"wp","href":"https:\/\/api.w.org\/{rel}","templated":true}]}}