{"id":496,"date":"2020-04-14T20:30:22","date_gmt":"2020-04-14T20:30:22","guid":{"rendered":"http:\/\/exterminationwestisland.com\/?page_id=496"},"modified":"2020-04-14T20:30:23","modified_gmt":"2020-04-14T20:30:23","slug":"rodent-prevention-network","status":"publish","type":"page","link":"https:\/\/exterminationwestisland.com\/en\/rodent-prevention-network\/","title":{"rendered":"RODENT PREVENTION NETWORK"},"content":{"rendered":"<div id=\"dslc-content\" class=\"dslc-content dslc-clearfix\"><div id=\"dslc-main\">\n\t\t<div  class=\"dslc-modules-section  dslc-full \" style=\"margin-bottom:40px;padding-bottom:0px;padding-top:0px;\" data-section-id=\"1c9887387c3\">\n\t\t\t\t\n\t\t\t\t\n\t\t\t\t<div class=\"dslc-modules-section-wrapper dslc-clearfix\"><div class=\"dslc-modules-area dslc-col dslc-12-col dslc-last-col dslc-valign- \" data-size=\"12\" data-valign=\"\">\n\t\t<div id=\"dslc-module-655c96e86f1\" class=\"dslc-module-front dslc-module-DSLC_Image dslc-in-viewport-check dslc-in-viewport-anim-none  dslc-col dslc-12-col dslc-last-col  dslc-module-handle-like-regular \" data-module-id=\"655c96e86f1\" data-module=\"DSLC_Image\" data-dslc-module-size=\"12\" data-dslc-anim=\"none\" data-dslc-anim-delay=\"\" data-dslc-anim-duration=\"650\"  data-dslc-anim-easing=\"ease\" data-dslc-preset=\"none\" >\n\n\t\t\t\n\t\t\t\n\t\t\t\t<div class=\"dslc-image-container\">\r\n\t\t<div class=\"dslc-image\">\r\n\r\n\t\t\t\r\n\t\t\t\t\r\n\t\t\t\t\t\t\t\t\t<img src=\"https:\/\/exterminationwestisland.com\/wp-content\/uploads\/2020\/04\/banner_rodentprev.jpg\" alt=\"\" title=\"\" srcset=\"https:\/\/exterminationwestisland.com\/wp-content\/uploads\/2020\/04\/banner_rodentprev.jpg 1920w, https:\/\/exterminationwestisland.com\/wp-content\/uploads\/2020\/04\/banner_rodentprev-680x177.jpg 680w, https:\/\/exterminationwestisland.com\/wp-content\/uploads\/2020\/04\/banner_rodentprev-1024x267.jpg 1024w, https:\/\/exterminationwestisland.com\/wp-content\/uploads\/2020\/04\/banner_rodentprev-768x200.jpg 768w, https:\/\/exterminationwestisland.com\/wp-content\/uploads\/2020\/04\/banner_rodentprev-1536x400.jpg 1536w, https:\/\/exterminationwestisland.com\/wp-content\/uploads\/2020\/04\/banner_rodentprev-540x141.jpg 540w\" sizes=\"(max-width: 1920px) 100vw, 1920px\" \/>\r\n\t\t\t\t\r\n\t\t\t\t\t\t\t\t\t<\/div><!-- .dslc-image -->\r\n\t\t<\/div>\r\n\t\t\n\t\t\t\t<\/div><!-- .dslc-module -->\n\t\t<\/div><\/div><\/div>\n\t\t<div  class=\"dslc-modules-section \" style=\"margin-bottom:40px;padding-bottom:0px;padding-top:0px;\" data-section-id=\"b2861fa6567\">\n\t\t\t\t\n\t\t\t\t\n\t\t\t\t<div class=\"dslc-modules-section-wrapper dslc-clearfix\"><div class=\"dslc-modules-area dslc-col dslc-12-col dslc-last-col dslc-valign- \" data-size=\"12\" data-valign=\"\">\n\t\t<div id=\"dslc-module-eb8ef61d051\" class=\"dslc-module-front dslc-module-DSLC_Text_Simple dslc-in-viewport-check dslc-in-viewport-anim-none  dslc-col dslc-12-col dslc-last-col  dslc-module-handle-like-regular \" data-module-id=\"eb8ef61d051\" data-module=\"DSLC_Text_Simple\" data-dslc-module-size=\"12\" data-dslc-anim=\"none\" data-dslc-anim-delay=\"\" data-dslc-anim-duration=\"650\"  data-dslc-anim-easing=\"ease\" data-dslc-preset=\"none\" >\n\n\t\t\t\n\t\t\t\n\t\t\r\n\t\t<div class=\"dslc-text-module-content\">\r\n\t\t\t<h1>MICE<\/h1>\t\t<\/div>\r\n\r\n\t\t\n\t\t\t\t<\/div><!-- .dslc-module -->\n\t\t<\/div><div class=\"dslc-modules-area dslc-col dslc-3-col dslc-first-col dslc-valign- \" data-size=\"3\" data-valign=\"\">\n\t\t<div id=\"dslc-module-1510bbcb6a0\" class=\"dslc-module-front dslc-module-DSLC_Image dslc-in-viewport-check dslc-in-viewport-anim-none  dslc-col dslc-12-col dslc-last-col  dslc-module-handle-like-regular \" data-module-id=\"1510bbcb6a0\" data-module=\"DSLC_Image\" data-dslc-module-size=\"12\" data-dslc-anim=\"none\" data-dslc-anim-delay=\"\" data-dslc-anim-duration=\"650\"  data-dslc-anim-easing=\"ease\" data-dslc-preset=\"none\" >\n\n\t\t\t\n\t\t\t\n\t\t\t\t<div class=\"dslc-image-container\">\r\n\t\t<div class=\"dslc-image\">\r\n\r\n\t\t\t\r\n\t\t\t\t\r\n\t\t\t\t\t\t\t\t\t<img src=\"https:\/\/exterminationwestisland.com\/wp-content\/uploads\/2020\/04\/AIRMILES_NOTAG_RGB.jpg\" alt=\"\" title=\"\" srcset=\"https:\/\/exterminationwestisland.com\/wp-content\/uploads\/2020\/04\/AIRMILES_NOTAG_RGB.jpg 600w, https:\/\/exterminationwestisland.com\/wp-content\/uploads\/2020\/04\/AIRMILES_NOTAG_RGB-150x150.jpg 150w, https:\/\/exterminationwestisland.com\/wp-content\/uploads\/2020\/04\/AIRMILES_NOTAG_RGB-540x540.jpg 540w\" sizes=\"(max-width: 600px) 100vw, 600px\" \/>\r\n\t\t\t\t\r\n\t\t\t\t\t\t\t\t\t<\/div><!-- .dslc-image -->\r\n\t\t<\/div>\r\n\t\t\n\t\t\t\t<\/div><!-- .dslc-module -->\n\t\t<\/div><div class=\"dslc-modules-area dslc-col dslc-3-col  dslc-valign- \" data-size=\"3\" data-valign=\"\">\n\t\t<div id=\"dslc-module-5ae45180581\" class=\"dslc-module-front dslc-module-DSLC_Text_Simple dslc-in-viewport-check dslc-in-viewport-anim-none  dslc-col dslc-12-col dslc-last-col  dslc-module-handle-like-regular \" data-module-id=\"5ae45180581\" data-module=\"DSLC_Text_Simple\" data-dslc-module-size=\"12\" data-dslc-anim=\"none\" data-dslc-anim-delay=\"\" data-dslc-anim-duration=\"650\"  data-dslc-anim-easing=\"ease\" data-dslc-preset=\"none\" >\n\n\t\t\t\n\t\t\t\n\t\t\r\n\t\t<div class=\"dslc-text-module-content\">\r\n\t\t\t<h2 style=\"text-align: right;\">Get<\/h2>\t\t<\/div>\r\n\r\n\t\t\n\t\t\t\t<\/div><!-- .dslc-module -->\n\t\t<\/div><div class=\"dslc-modules-area dslc-col dslc-3-col  dslc-valign- \" data-size=\"3\" data-valign=\"\">\n\t\t<div id=\"dslc-module-bb28ce6f833\" class=\"dslc-module-front dslc-module-DSLC_Text_Simple dslc-in-viewport-check dslc-in-viewport-anim-none  dslc-col dslc-12-col dslc-last-col  dslc-module-handle-like-regular \" data-module-id=\"bb28ce6f833\" data-module=\"DSLC_Text_Simple\" data-dslc-module-size=\"12\" data-dslc-anim=\"none\" data-dslc-anim-delay=\"\" data-dslc-anim-duration=\"650\"  data-dslc-anim-easing=\"ease\" data-dslc-preset=\"none\" >\n\n\t\t\t\n\t\t\t\n\t\t\r\n\t\t<div class=\"dslc-text-module-content\">\r\n\t\t\t<h2 style=\"text-align: center;\">25 Miles<\/h2>\t\t<\/div>\r\n\r\n\t\t\n\t\t\t\t<\/div><!-- .dslc-module -->\n\t\t<\/div><div class=\"dslc-modules-area dslc-col dslc-12-col dslc-first-col dslc-valign- \" data-size=\"12\" data-valign=\"\">\n\t\t<div id=\"dslc-module-b75ab50237d\" class=\"dslc-module-front dslc-module-DSLC_Text_Simple dslc-in-viewport-check dslc-in-viewport-anim-none  dslc-col dslc-12-col dslc-last-col  dslc-module-handle-like-regular \" data-module-id=\"b75ab50237d\" data-module=\"DSLC_Text_Simple\" data-dslc-module-size=\"12\" data-dslc-anim=\"none\" data-dslc-anim-delay=\"\" data-dslc-anim-duration=\"650\"  data-dslc-anim-easing=\"ease\" data-dslc-preset=\"none\" >\n\n\t\t\t\n\t\t\t\n\t\t\r\n\t\t<div class=\"dslc-text-module-content\">\r\n\t\t\t<h4 style=\"text-align: right;\"><em>Conditions may apply.<\/em><\/h4>\t\t<\/div>\r\n\r\n\t\t\n\t\t\t\t<\/div><!-- .dslc-module -->\n\t\t<\/div><\/div><\/div>\n\t\t<div  class=\"dslc-modules-section \" style=\"margin-bottom:20px;padding-bottom:40px;padding-top:40px;padding-left:10%;padding-right:10%;\" data-section-id=\"ea92a1f0404\">\n\t\t\t\t\n\t\t\t\t\n\t\t\t\t<div class=\"dslc-modules-section-wrapper dslc-clearfix\"><div class=\"dslc-modules-area dslc-col dslc-12-col dslc-last-col dslc-valign- \" data-size=\"12\" data-valign=\"\">\n\t\t<div id=\"dslc-module-698ed1eb97e\" class=\"dslc-module-front dslc-module-DSLC_Separator dslc-in-viewport-check dslc-in-viewport-anim-none  dslc-col dslc-12-col dslc-last-col  dslc-module-handle-like-regular \" data-module-id=\"698ed1eb97e\" data-module=\"DSLC_Separator\" data-dslc-module-size=\"12\" data-dslc-anim=\"none\" data-dslc-anim-delay=\"\" data-dslc-anim-duration=\"650\"  data-dslc-anim-easing=\"ease\" data-dslc-preset=\"none\" >\n\n\t\t\t\n\t\t\t\n\t\t\t\t\t<div class=\"dslc-separator-wrapper\">\r\n\t\t\t\t<div class=\"dslc-separator dslc-separator-style-solid\">\r\n\t\t\t\t\t\t\t\t\t<\/div>\r\n\t\t\t\t<div><\/div>\r\n\t\t\t<\/div><!-- .dslc-separator-wrapper -->\r\n\t\t\t\n\t\t\t\t<\/div><!-- .dslc-module -->\n\t\t<\/div><\/div><\/div>\n\t\t<div  class=\"dslc-modules-section \" style=\"margin-bottom:80px;padding-bottom:0px;padding-top:0px;\" data-section-id=\"6d0df6a5c6f\">\n\t\t\t\t\n\t\t\t\t\n\t\t\t\t<div class=\"dslc-modules-section-wrapper dslc-clearfix\"><div class=\"dslc-modules-area dslc-col dslc-3-col dslc-first-col dslc-valign- \" data-size=\"3\" data-valign=\"\">\n\t\t<div id=\"dslc-module-8cdcd0b0294\" class=\"dslc-module-front dslc-module-DSLC_Image dslc-in-viewport-check dslc-in-viewport-anim-none  dslc-col dslc-12-col dslc-last-col  dslc-module-handle-like-regular \" data-module-id=\"8cdcd0b0294\" data-module=\"DSLC_Image\" data-dslc-module-size=\"12\" data-dslc-anim=\"none\" data-dslc-anim-delay=\"\" data-dslc-anim-duration=\"650\"  data-dslc-anim-easing=\"ease\" data-dslc-preset=\"none\" >\n\n\t\t\t\n\t\t\t\n\t\t\t\t<div class=\"dslc-image-container\">\r\n\t\t<div class=\"dslc-image\">\r\n\r\n\t\t\t\r\n\t\t\t\t\r\n\t\t\t\t\t\t\t\t\t<img src=\"https:\/\/exterminationwestisland.com\/wp-content\/uploads\/2020\/04\/mice.jpg\" alt=\"\" title=\"\" srcset=\"https:\/\/exterminationwestisland.com\/wp-content\/uploads\/2020\/04\/mice.jpg 273w, https:\/\/exterminationwestisland.com\/wp-content\/uploads\/2020\/04\/mice-150x150.jpg 150w\" sizes=\"(max-width: 273px) 100vw, 273px\" \/>\r\n\t\t\t\t\r\n\t\t\t\t\t\t\t\t\t<\/div><!-- .dslc-image -->\r\n\t\t<\/div>\r\n\t\t\n\t\t\t\t<\/div><!-- .dslc-module -->\n\t\t<\/div><div class=\"dslc-modules-area dslc-col dslc-9-col dslc-last-col dslc-valign- \" data-size=\"9\" data-valign=\"\">\n\t\t<div id=\"dslc-module-24f0f114ae9\" class=\"dslc-module-front dslc-module-DSLC_Text_Simple dslc-in-viewport-check dslc-in-viewport-anim-none  dslc-col dslc-12-col dslc-last-col  dslc-module-handle-like-regular \" data-module-id=\"24f0f114ae9\" data-module=\"DSLC_Text_Simple\" data-dslc-module-size=\"12\" data-dslc-anim=\"none\" data-dslc-anim-delay=\"\" data-dslc-anim-duration=\"650\"  data-dslc-anim-easing=\"ease\" data-dslc-preset=\"none\" >\n\n\t\t\t\n\t\t\t\n\t\t\r\n\t\t<div class=\"dslc-text-module-content\">\r\n\t\t\t<p>Mice like to create their nest in attics to protect themselves during winter. Our preventive network installed outside your home will act by preventing these little rodents from taking up residence in your home!<\/p><p>\u00a0<\/p>\t\t<\/div>\r\n\r\n\t\t\n\t\t\t\t<\/div><!-- .dslc-module -->\n\t\t<\/div><\/div><\/div><\/div><\/div>","protected":false},"excerpt":{"rendered":"<p>MICE Get 25 Miles Conditions may apply. Mice like to create their nest in attics to protect themselves during winter. Our preventive network installed outside your home will act by&nbsp;[&hellip;]<\/p>\n","protected":false},"author":1,"featured_media":0,"parent":0,"menu_order":0,"comment_status":"closed","ping_status":"closed","template":"page-templates\/page_builder.php","meta":{"footnotes":""},"class_list":["post-496","page","type-page","status-publish","hentry","clearfix"],"yoast_head":"<!-- This site is optimized with the Yoast SEO plugin v26.8 - https:\/\/yoast.com\/product\/yoast-seo-wordpress\/ -->\n<title>RODENT PREVENTION NETWORK - Extermination West Island<\/title>\n<meta name=\"robots\" content=\"index, follow, max-snippet:-1, max-image-preview:large, max-video-preview:-1\" \/>\n<link rel=\"canonical\" href=\"https:\/\/exterminationwestisland.com\/en\/rodent-prevention-network\/\" \/>\n<meta property=\"og:locale\" content=\"en_US\" \/>\n<meta property=\"og:type\" content=\"article\" \/>\n<meta property=\"og:title\" content=\"RODENT PREVENTION NETWORK - Extermination West Island\" \/>\n<meta property=\"og:description\" content=\"MICE Get 25 Miles Conditions may apply. Mice like to create their nest in attics to protect themselves during winter. Our preventive network installed outside your home will act by&nbsp;[&hellip;]\" \/>\n<meta property=\"og:url\" content=\"https:\/\/exterminationwestisland.com\/en\/rodent-prevention-network\/\" \/>\n<meta property=\"og:site_name\" content=\"Extermination West Island\" \/>\n<meta property=\"article:publisher\" content=\"https:\/\/www.facebook.com\/Extermination-West-Island-185552422039307\/\" \/>\n<meta property=\"article:modified_time\" content=\"2020-04-14T20:30:23+00:00\" \/>\n<meta name=\"twitter:card\" content=\"summary_large_image\" \/>\n<!-- \/ Yoast SEO plugin. -->","yoast_head_json":{"title":"RODENT PREVENTION NETWORK - Extermination West Island","robots":{"index":"index","follow":"follow","max-snippet":"max-snippet:-1","max-image-preview":"max-image-preview:large","max-video-preview":"max-video-preview:-1"},"canonical":"https:\/\/exterminationwestisland.com\/en\/rodent-prevention-network\/","og_locale":"en_US","og_type":"article","og_title":"RODENT PREVENTION NETWORK - Extermination West Island","og_description":"MICE Get 25 Miles Conditions may apply. Mice like to create their nest in attics to protect themselves during winter. Our preventive network installed outside your home will act by&nbsp;[&hellip;]","og_url":"https:\/\/exterminationwestisland.com\/en\/rodent-prevention-network\/","og_site_name":"Extermination West Island","article_publisher":"https:\/\/www.facebook.com\/Extermination-West-Island-185552422039307\/","article_modified_time":"2020-04-14T20:30:23+00:00","twitter_card":"summary_large_image","schema":{"@context":"https:\/\/schema.org","@graph":[{"@type":"WebPage","@id":"https:\/\/exterminationwestisland.com\/en\/rodent-prevention-network\/","url":"https:\/\/exterminationwestisland.com\/en\/rodent-prevention-network\/","name":"RODENT PREVENTION NETWORK - Extermination West Island","isPartOf":{"@id":"https:\/\/exterminationwestisland.com\/en\/#website"},"primaryImageOfPage":{"@id":"https:\/\/exterminationwestisland.com\/en\/rodent-prevention-network\/#primaryimage"},"image":{"@id":"https:\/\/exterminationwestisland.com\/en\/rodent-prevention-network\/#primaryimage"},"thumbnailUrl":"https:\/\/exterminationwestisland.com\/wp-content\/uploads\/2020\/04\/banner_rodentprev.jpg","datePublished":"2020-04-14T20:30:22+00:00","dateModified":"2020-04-14T20:30:23+00:00","breadcrumb":{"@id":"https:\/\/exterminationwestisland.com\/en\/rodent-prevention-network\/#breadcrumb"},"inLanguage":"en-US","potentialAction":[{"@type":"ReadAction","target":["https:\/\/exterminationwestisland.com\/en\/rodent-prevention-network\/"]}]},{"@type":"ImageObject","inLanguage":"en-US","@id":"https:\/\/exterminationwestisland.com\/en\/rodent-prevention-network\/#primaryimage","url":"https:\/\/exterminationwestisland.com\/wp-content\/uploads\/2020\/04\/banner_rodentprev.jpg","contentUrl":"https:\/\/exterminationwestisland.com\/wp-content\/uploads\/2020\/04\/banner_rodentprev.jpg"},{"@type":"BreadcrumbList","@id":"https:\/\/exterminationwestisland.com\/en\/rodent-prevention-network\/#breadcrumb","itemListElement":[{"@type":"ListItem","position":1,"name":"Home","item":"https:\/\/exterminationwestisland.com\/en\/"},{"@type":"ListItem","position":2,"name":"RODENT PREVENTION NETWORK"}]},{"@type":"WebSite","@id":"https:\/\/exterminationwestisland.com\/en\/#website","url":"https:\/\/exterminationwestisland.com\/en\/","name":"Extermination West Island","description":"Services d&#039;Extermination dans la grande r\u00e9gion de l&#039;Ouest de l&#039;\u00eele de Montreal. Probl\u00e8me de Fourmis Charpenti\u00e8re, Souris, et tout autres insectes et vermines","publisher":{"@id":"https:\/\/exterminationwestisland.com\/en\/#organization"},"potentialAction":[{"@type":"SearchAction","target":{"@type":"EntryPoint","urlTemplate":"https:\/\/exterminationwestisland.com\/en\/?s={search_term_string}"},"query-input":{"@type":"PropertyValueSpecification","valueRequired":true,"valueName":"search_term_string"}}],"inLanguage":"en-US"},{"@type":"Organization","@id":"https:\/\/exterminationwestisland.com\/en\/#organization","name":"Extermination West Island","url":"https:\/\/exterminationwestisland.com\/en\/","logo":{"@type":"ImageObject","inLanguage":"en-US","@id":"https:\/\/exterminationwestisland.com\/en\/#\/schema\/logo\/image\/","url":"https:\/\/exterminationwestisland.com\/wp-content\/uploads\/2017\/04\/extermination_west_island_logoB.jpg","contentUrl":"https:\/\/exterminationwestisland.com\/wp-content\/uploads\/2017\/04\/extermination_west_island_logoB.jpg","width":400,"height":150,"caption":"Extermination West Island"},"image":{"@id":"https:\/\/exterminationwestisland.com\/en\/#\/schema\/logo\/image\/"},"sameAs":["https:\/\/www.facebook.com\/Extermination-West-Island-185552422039307\/","https:\/\/business.facebook.com\/Extermination-West-Island-185552422039307\/?business_id=1010707382373498","https:\/\/www.linkedin.com\/company\/ircae\/"]}]}},"_links":{"self":[{"href":"https:\/\/exterminationwestisland.com\/en\/wp-json\/wp\/v2\/pages\/496","targetHints":{"allow":["GET"]}}],"collection":[{"href":"https:\/\/exterminationwestisland.com\/en\/wp-json\/wp\/v2\/pages"}],"about":[{"href":"https:\/\/exterminationwestisland.com\/en\/wp-json\/wp\/v2\/types\/page"}],"author":[{"embeddable":true,"href":"https:\/\/exterminationwestisland.com\/en\/wp-json\/wp\/v2\/users\/1"}],"replies":[{"embeddable":true,"href":"https:\/\/exterminationwestisland.com\/en\/wp-json\/wp\/v2\/comments?post=496"}],"version-history":[{"count":1,"href":"https:\/\/exterminationwestisland.com\/en\/wp-json\/wp\/v2\/pages\/496\/revisions"}],"predecessor-version":[{"id":497,"href":"https:\/\/exterminationwestisland.com\/en\/wp-json\/wp\/v2\/pages\/496\/revisions\/497"}],"wp:attachment":[{"href":"https:\/\/exterminationwestisland.com\/en\/wp-json\/wp\/v2\/media?parent=496"}],"curies":[{"name":"wp","href":"https:\/\/api.w.org\/{rel}","templated":true}]}}